{"id":1401,"date":"2020-11-13T16:48:40","date_gmt":"2020-11-13T16:48:40","guid":{"rendered":"https:\/\/my.ideaalnet.org\/?page_id=1401"},"modified":"2022-01-17T17:26:29","modified_gmt":"2022-01-17T17:26:29","slug":"droit-de-retractation","status":"publish","type":"page","link":"https:\/\/my.ideaalnet.org\/be-fr\/droit-de-retractation\/","title":{"rendered":"Droit de r\u00e9tractation"},"content":{"rendered":"\t\t<div data-elementor-type=\"wp-page\" data-elementor-id=\"1401\" class=\"elementor elementor-1401 elementor-991\">\n\t\t\t\t\t\t<section class=\"elementor-section elementor-top-section elementor-element elementor-element-6a2b483a elementor-section-boxed elementor-section-height-default elementor-section-height-default\" data-id=\"6a2b483a\" data-element_type=\"section\" id=\"home\" data-settings=\"{&quot;background_background&quot;:&quot;classic&quot;}\">\n\t\t\t\t\t\t<div class=\"elementor-container elementor-column-gap-default\">\n\t\t\t\t\t<div class=\"elementor-column elementor-col-100 elementor-top-column elementor-element elementor-element-5662cda\" data-id=\"5662cda\" data-element_type=\"column\">\n\t\t\t<div class=\"elementor-widget-wrap elementor-element-populated\">\n\t\t\t\t\t\t<div class=\"elementor-element elementor-element-5d6f9e28 elementor-widget-divider--view-line elementor-widget elementor-widget-divider\" data-id=\"5d6f9e28\" data-element_type=\"widget\" data-widget_type=\"divider.default\">\n\t\t\t\t<div class=\"elementor-widget-container\">\n\t\t\t\t\t<div class=\"elementor-divider\">\n\t\t\t<span class=\"elementor-divider-separator\">\n\t\t\t\t\t\t<\/span>\n\t\t<\/div>\n\t\t\t\t<\/div>\n\t\t\t\t<\/div>\n\t\t\t\t<div class=\"elementor-element elementor-element-64ee5193 elementor-widget elementor-widget-heading\" data-id=\"64ee5193\" data-element_type=\"widget\" data-widget_type=\"heading.default\">\n\t\t\t\t<div class=\"elementor-widget-container\">\n\t\t\t<h3 class=\"elementor-heading-title elementor-size-default\">Droit de r\u00e9traction<\/h3>\t\t<\/div>\n\t\t\t\t<\/div>\n\t\t\t\t\t<\/div>\n\t\t<\/div>\n\t\t\t\t\t<\/div>\n\t\t<\/section>\n\t\t\t\t<section class=\"elementor-section elementor-top-section elementor-element elementor-element-5bb9b268 elementor-section-content-middle elementor-section-boxed elementor-section-height-default elementor-section-height-default\" data-id=\"5bb9b268\" data-element_type=\"section\">\n\t\t\t\t\t\t<div class=\"elementor-container elementor-column-gap-no\">\n\t\t\t\t\t<div class=\"elementor-column elementor-col-100 elementor-top-column elementor-element elementor-element-72677549\" data-id=\"72677549\" data-element_type=\"column\">\n\t\t\t<div class=\"elementor-widget-wrap elementor-element-populated\">\n\t\t\t\t\t\t<section class=\"elementor-section elementor-inner-section elementor-element elementor-element-9822257 elementor-section-boxed elementor-section-height-default elementor-section-height-default\" data-id=\"9822257\" data-element_type=\"section\">\n\t\t\t\t\t\t<div class=\"elementor-container elementor-column-gap-default\">\n\t\t\t\t\t<div class=\"elementor-column elementor-col-100 elementor-inner-column elementor-element elementor-element-be08774\" data-id=\"be08774\" data-element_type=\"column\">\n\t\t\t<div class=\"elementor-widget-wrap elementor-element-populated\">\n\t\t\t\t\t\t<div class=\"elementor-element elementor-element-43f922f elementor-widget elementor-widget-text-editor\" data-id=\"43f922f\" data-element_type=\"widget\" data-widget_type=\"text-editor.default\">\n\t\t\t\t<div class=\"elementor-widget-container\">\n\t\t\t\t\t\t\t<p>Un consommateur est une personne qui conclut une transaction juridique \u00e0 des fins qui ne sont pas li\u00e9es \u00e0 son activit\u00e9 professionnelle commerciale ou ind\u00e9pendante. Dans le cas d&#8217;un achat \u00e0 distance, le consommateur peut exercer son droit de r\u00e9tractation.<\/p>\n<h2>A. Exercice du droit de r\u00e9tractation<\/h2>\n<h3>Droit de retrait<\/h3>\n<p>Vous avez le droit de vous retirer du contrat dans un d\u00e9lai de 14 jours sans donner de raison.<\/p>\n<p>Le d\u00e9lai de r\u00e9tractation est de quatorze jours \u00e0 compter du jour o\u00f9 vous-m\u00eame ou un tiers autre que le transporteur et indiqu\u00e9 par vous prend physiquement possession du dernier bien.<\/p>\n<p>Pour exercer le droit de retrait, vous devez nous informer de votre d\u00e9cision de retrait.<\/p>\n<p>\u00c0 cette fin, vous pouvez utiliser le formulaire en ligne ci-dessous ou le formulaire en ligne d\u00e9j\u00e0 pr\u00e9-rempli (y compris la commande\/date de la commande) <a href=\"https:\/\/admin.ideaalnet.org\/login?lng=be-fr\">via votre portail personnel<\/a> (s\u00e9lectionnez modification\/annulation de la commande).<\/p>\n<p>Remarque : Veuillez envoyer votre communication concernant l&#8217;exercice du droit de r\u00e9tractation avant l&#8217;expiration du d\u00e9lai de r\u00e9tractation !<\/p>\n<h3>Cons\u00e9quences du retrait<\/h3>\n<p>Est-ce que vous vous retirez de notre contrat ? Nous vous rembourserons alors tous les paiements que vous avez effectu\u00e9s jusqu&#8217;\u00e0 ce moment-l\u00e0, y compris les frais de livraison (\u00e0 l&#8217;exception des frais suppl\u00e9mentaires encourus si vous avez choisi un mode de livraison autre que la livraison standard la moins ch\u00e8re). Le remboursement sera sans frais et effectu\u00e9 dans les quatorze jours suivant la date \u00e0 laquelle vous nous avez inform\u00e9s de votre r\u00e9tractation. Nous utiliserons les m\u00eames moyens de paiement que vous &#8211; sauf si nous en avons convenu autrement. Nous pouvons attendre pour vous rembourser que nous ayons re\u00e7u les marchandises en retour ou que vous ayez fourni une preuve de leur retour. Vous devez renvoyer ou restituer les marchandises au plus tard quatorze jours apr\u00e8s nous avoir inform\u00e9s. Les frais d&#8217;exp\u00e9dition de retour sont \u00e0 votre charge. Les biens sont-ils endommag\u00e9s par votre utilisation ? Alors vous payez ces co\u00fbts.<\/p>\n<p>Exclusion ou fin pr\u00e9matur\u00e9e du droit de r\u00e9tractation :<\/p>\n<p>Le droit de r\u00e9tractation expire si le sceau est bris\u00e9 sur les enregistrements audio et vid\u00e9o scell\u00e9s et les logiciels informatiques.<\/p>\n<h3>Exclusion ou fin pr\u00e9matur\u00e9e du droit de r\u00e9tractation<\/h3>\n<p>Le droit de r\u00e9tractation expire si le sceau est bris\u00e9 sur les enregistrements audio et vid\u00e9o scell\u00e9s et les logiciels informatiques.<\/p>\n<h3>Directives g\u00e9n\u00e9rales<\/h3>\n<p>1) \u00c9vitez d&#8217;endommager et de contaminer les marchandises. Renvoyez les marchandises dans leur emballage d&#8217;origine. Utilisez un emballage ext\u00e9rieur protecteur. Vous avez perdu l&#8217;emballage d&#8217;origine ? Proposez ensuite une alternative appropri\u00e9e qui prot\u00e8ge les biens de mani\u00e8re optimale.<\/p>\n<p>2) Frank votre envoi de retour.<\/p>\n<h2>B. Formulaire de retrait du mod\u00e8le<\/h2>\n<p>Vous pouvez utiliser le formulaire en ligne ci-dessous ou le formulaire en ligne pr\u00e9-rempli (incluant la commande\/la date de commande)<a href=\"https:\/\/admin.ideaalnet.org\/login?lng=fr\"> <\/a><a href=\"https:\/\/admin.ideaalnet.org\/login?lng=be-fr\">via votre portail personnel<\/a> (choisissez modification\/annulation de la commande).<\/p>\n<p>Vous avez le droit d&#8217;annuler votre contrat dans un d\u00e9lai de 14 jours sans donner de raisons.<\/p>\n<p><\/p>\n<p><span style=\"font-size: 14px; font-style: normal; font-weight: 400;\"><div class=\"wpforms-container \" id=\"wpforms-1960\"><form id=\"wpforms-form-1960\" class=\"wpforms-validate wpforms-form\" data-formid=\"1960\" method=\"post\" enctype=\"multipart\/form-data\" action=\"\/be-fr\/wp-json\/wp\/v2\/pages\/1401\" data-token=\"d59fd56e21976571f39b2055b30415d8\"><noscript class=\"wpforms-error-noscript\">Please enable JavaScript in your browser to complete this form.<\/noscript><div class=\"wpforms-field-container\"><div id=\"wpforms-1960-field_5-container\" class=\"wpforms-field wpforms-field-radio\" data-field-id=\"5\"><label class=\"wpforms-field-label\" for=\"wpforms-1960-field_5\">S\u00e9lectionnez un sujet <span class=\"wpforms-required-label\">*<\/span><\/label><ul id=\"wpforms-1960-field_5\" class=\"wpforms-field-required\"><li class=\"choice-3 depth-1 wpforms-selected\"><input type=\"radio\" id=\"wpforms-1960-field_5_3\" name=\"wpforms[fields][5]\" value=\"Droit de r\u00e9traction\" required  checked='checked'><label class=\"wpforms-field-label-inline\" for=\"wpforms-1960-field_5_3\">Droit de r\u00e9traction<\/label><\/li><\/ul><\/div><div id=\"wpforms-1960-field_6-container\" class=\"wpforms-field wpforms-field-radio\" data-field-id=\"6\"><label class=\"wpforms-field-label\" for=\"wpforms-1960-field_6\">S\u00e9lectionnez votre salutation <span class=\"wpforms-required-label\">*<\/span><\/label><ul id=\"wpforms-1960-field_6\" class=\"wpforms-field-required\"><li class=\"choice-1 depth-1\"><input type=\"radio\" id=\"wpforms-1960-field_6_1\" name=\"wpforms[fields][6]\" value=\"Mr.\" required ><label class=\"wpforms-field-label-inline\" for=\"wpforms-1960-field_6_1\">Mr.<\/label><\/li><li class=\"choice-2 depth-1\"><input type=\"radio\" id=\"wpforms-1960-field_6_2\" name=\"wpforms[fields][6]\" value=\"Mme.\" required ><label class=\"wpforms-field-label-inline\" for=\"wpforms-1960-field_6_2\">Mme.<\/label><\/li><\/ul><\/div><div id=\"wpforms-1960-field_18-container\" class=\"wpforms-field wpforms-field-textarea\" data-field-id=\"18\"><label class=\"wpforms-field-label\" for=\"wpforms-1960-field_18\">Message<\/label><textarea id=\"wpforms-1960-field_18\" class=\"wpforms-field-medium\" name=\"wpforms[fields][18]\" ><\/textarea><\/div><div id=\"wpforms-1960-field_23-container\" class=\"wpforms-field wpforms-field-text\" data-field-id=\"23\"><label class=\"wpforms-field-label\" for=\"wpforms-1960-field_23\">Num\u00e9ro de commande (Avez-vous un num\u00e9ro de commande correspondant ? Si c&#039;est le cas, veuillez l&#039;indiquer ici)<\/label><input type=\"text\" id=\"wpforms-1960-field_23\" class=\"wpforms-field-large\" name=\"wpforms[fields][23]\" ><\/div><div id=\"wpforms-1960-field_11-container\" class=\"wpforms-field wpforms-field-text wpforms-one-half wpforms-first\" data-field-id=\"11\"><label class=\"wpforms-field-label\" for=\"wpforms-1960-field_11\">Nom de famille <span class=\"wpforms-required-label\">*<\/span><\/label><input type=\"text\" id=\"wpforms-1960-field_11\" class=\"wpforms-field-large wpforms-field-required\" name=\"wpforms[fields][11]\" required><\/div><div id=\"wpforms-1960-field_12-container\" class=\"wpforms-field wpforms-field-text wpforms-one-half\" data-field-id=\"12\"><label class=\"wpforms-field-label\" for=\"wpforms-1960-field_12\">Pr\u00e9nom <span class=\"wpforms-required-label\">*<\/span><\/label><input type=\"text\" id=\"wpforms-1960-field_12\" class=\"wpforms-field-large wpforms-field-required\" name=\"wpforms[fields][12]\" required><\/div><div id=\"wpforms-1960-field_9-container\" class=\"wpforms-field wpforms-field-text wpforms-one-half wpforms-first\" data-field-id=\"9\"><label class=\"wpforms-field-label\" for=\"wpforms-1960-field_9\">Rue <span class=\"wpforms-required-label\">*<\/span><\/label><input type=\"text\" id=\"wpforms-1960-field_9\" class=\"wpforms-field-large wpforms-field-required\" name=\"wpforms[fields][9]\" required><\/div><div id=\"wpforms-1960-field_10-container\" class=\"wpforms-field wpforms-field-text wpforms-one-half\" data-field-id=\"10\"><label class=\"wpforms-field-label\" for=\"wpforms-1960-field_10\">Num\u00e9ro de maison <span class=\"wpforms-required-label\">*<\/span><\/label><input type=\"text\" id=\"wpforms-1960-field_10\" class=\"wpforms-field-large wpforms-field-required\" name=\"wpforms[fields][10]\" required><\/div><div id=\"wpforms-1960-field_13-container\" class=\"wpforms-field wpforms-field-text wpforms-one-half wpforms-first\" data-field-id=\"13\"><label class=\"wpforms-field-label\" for=\"wpforms-1960-field_13\">Code postal <span class=\"wpforms-required-label\">*<\/span><\/label><input type=\"text\" id=\"wpforms-1960-field_13\" class=\"wpforms-field-large wpforms-field-required\" name=\"wpforms[fields][13]\" required><\/div><div id=\"wpforms-1960-field_14-container\" class=\"wpforms-field wpforms-field-text wpforms-one-half\" data-field-id=\"14\"><label class=\"wpforms-field-label\" for=\"wpforms-1960-field_14\">Ville <span class=\"wpforms-required-label\">*<\/span><\/label><input type=\"text\" id=\"wpforms-1960-field_14\" class=\"wpforms-field-large wpforms-field-required\" name=\"wpforms[fields][14]\" required><\/div><div id=\"wpforms-1960-field_21-container\" class=\"wpforms-field wpforms-field-email wpforms-one-half wpforms-first\" data-field-id=\"21\"><label class=\"wpforms-field-label\" for=\"wpforms-1960-field_21\">Adresse e-mail <span class=\"wpforms-required-label\">*<\/span><\/label><input type=\"email\" id=\"wpforms-1960-field_21\" class=\"wpforms-field-large wpforms-field-required\" name=\"wpforms[fields][21]\" spellcheck=\"false\" required><\/div><div id=\"wpforms-1960-field_24-container\" class=\"wpforms-field wpforms-field-text wpforms-one-half\" data-field-id=\"24\"><label class=\"wpforms-field-label\" for=\"wpforms-1960-field_24\">Num\u00e9ro de t\u00e9l\u00e9phone<\/label><input type=\"text\" id=\"wpforms-1960-field_24\" class=\"wpforms-field-large\" name=\"wpforms[fields][24]\" ><\/div><div id=\"wpforms-1960-field_16-container\" class=\"wpforms-field wpforms-field-text\" data-field-id=\"16\"><label class=\"wpforms-field-label\" for=\"wpforms-1960-field_16\">Nom de l&#039;\u00e9cole <span class=\"wpforms-required-label\">*<\/span><\/label><input type=\"text\" id=\"wpforms-1960-field_16\" class=\"wpforms-field-large wpforms-field-required\" name=\"wpforms[fields][16]\" required><\/div><div id=\"wpforms-1960-field_17-container\" class=\"wpforms-field wpforms-field-text\" data-field-id=\"17\"><label class=\"wpforms-field-label\" for=\"wpforms-1960-field_17\">Nom de l&#039;\u00e9tudiant <span class=\"wpforms-required-label\">*<\/span><\/label><input type=\"text\" id=\"wpforms-1960-field_17\" class=\"wpforms-field-large wpforms-field-required\" name=\"wpforms[fields][17]\" required><\/div><div id=\"wpforms-1960-field_19-container\" class=\"wpforms-field wpforms-field-checkbox\" data-field-id=\"19\"><label class=\"wpforms-field-label\" for=\"wpforms-1960-field_19\">D\u00e9claration de consentement <span class=\"wpforms-required-label\">*<\/span><\/label><ul id=\"wpforms-1960-field_19\" class=\"wpforms-field-required\"><li class=\"choice-1 depth-1\"><input type=\"checkbox\" id=\"wpforms-1960-field_19_1\" name=\"wpforms[fields][19][]\" value=\"En envoyant mes donn\u00e9es, j&#039;accepte qu&#039;elles soient utilis\u00e9es par la fondation Ideaalnet et le fournisseur\/prestataire de services concern\u00e9 (adresse e-mail, pr\u00e9nom, nom et adresse) pour r\u00e9pondre \u00e0 mon message.\" required ><label class=\"wpforms-field-label-inline\" for=\"wpforms-1960-field_19_1\">En envoyant mes donn\u00e9es, j&#8217;accepte qu&#8217;elles soient utilis\u00e9es par la fondation Ideaalnet et le fournisseur\/prestataire de services concern\u00e9 (adresse e-mail, pr\u00e9nom, nom et adresse) pour r\u00e9pondre \u00e0 mon message.<\/label><\/li><\/ul><\/div><\/div><!-- .wpforms-field-container --><div class=\"wpforms-submit-container\" ><input type=\"hidden\" name=\"wpforms[id]\" value=\"1960\"><input type=\"hidden\" name=\"wpforms[author]\" value=\"1\"><button type=\"submit\" name=\"wpforms[submit]\" id=\"wpforms-submit-1960\" class=\"wpforms-submit\" data-alt-text=\"Sending...\" data-submit-text=\"Submit\" aria-live=\"assertive\" value=\"wpforms-submit\">Submit<\/button><\/div><\/form><\/div>  <!-- .wpforms-container --><\/span><\/p>\t\t\t\t\t\t<\/div>\n\t\t\t\t<\/div>\n\t\t\t\t\t<\/div>\n\t\t<\/div>\n\t\t\t\t\t<\/div>\n\t\t<\/section>\n\t\t\t\t\t<\/div>\n\t\t<\/div>\n\t\t\t\t\t<\/div>\n\t\t<\/section>\n\t\t\t\t<section class=\"elementor-section elementor-top-section elementor-element elementor-element-f8b4509 elementor-section-boxed elementor-section-height-default elementor-section-height-default\" data-id=\"f8b4509\" data-element_type=\"section\">\n\t\t\t\t\t\t<div class=\"elementor-container elementor-column-gap-default\">\n\t\t\t\t\t<div class=\"elementor-column elementor-col-100 elementor-top-column elementor-element elementor-element-e0c6558\" data-id=\"e0c6558\" data-element_type=\"column\">\n\t\t\t<div class=\"elementor-widget-wrap elementor-element-populated\">\n\t\t\t\t\t\t\t<\/div>\n\t\t<\/div>\n\t\t\t\t\t<\/div>\n\t\t<\/section>\n\t\t\t\t<\/div>\n\t\t","protected":false},"excerpt":{"rendered":"<p>Droit de r\u00e9traction Un consommateur est une personne qui conclut une transaction juridique \u00e0 des fins qui ne sont pas li\u00e9es \u00e0 son activit\u00e9 professionnelle commerciale ou ind\u00e9pendante. Dans le cas d&#8217;un achat \u00e0 distance, le consommateur peut exercer son droit de r\u00e9tractation. A. Exercice du droit de r\u00e9tractation Droit de retrait Vous avez le [&hellip;]<\/p>\n","protected":false},"author":1,"featured_media":0,"parent":0,"menu_order":0,"comment_status":"closed","ping_status":"closed","template":"","meta":{"site-sidebar-layout":"no-sidebar","site-content-layout":"page-builder","ast-site-content-layout":"default","site-content-style":"default","site-sidebar-style":"default","ast-global-header-display":"","ast-banner-title-visibility":"","ast-main-header-display":"","ast-hfb-above-header-display":"","ast-hfb-below-header-display":"","ast-hfb-mobile-header-display":"","site-post-title":"disabled","ast-breadcrumbs-content":"","ast-featured-img":"disabled","footer-sml-layout":"","ast-disable-related-posts":"","theme-transparent-header-meta":"default","adv-header-id-meta":"","stick-header-meta":"","header-above-stick-meta":"","header-main-stick-meta":"","header-below-stick-meta":"","astra-migrate-meta-layouts":"default","ast-page-background-enabled":"default","ast-page-background-meta":{"desktop":{"background-color":"","background-image":"","background-repeat":"repeat","background-position":"center center","background-size":"auto","background-attachment":"scroll","background-type":"","background-media":"","overlay-type":"","overlay-color":"","overlay-opacity":"","overlay-gradient":""},"tablet":{"background-color":"","background-image":"","background-repeat":"repeat","background-position":"center center","background-size":"auto","background-attachment":"scroll","background-type":"","background-media":"","overlay-type":"","overlay-color":"","overlay-opacity":"","overlay-gradient":""},"mobile":{"background-color":"","background-image":"","background-repeat":"repeat","background-position":"center center","background-size":"auto","background-attachment":"scroll","background-type":"","background-media":"","overlay-type":"","overlay-color":"","overlay-opacity":"","overlay-gradient":""}},"ast-content-background-meta":{"desktop":{"background-color":"var(--ast-global-color-5)","background-image":"","background-repeat":"repeat","background-position":"center center","background-size":"auto","background-attachment":"scroll","background-type":"","background-media":"","overlay-type":"","overlay-color":"","overlay-opacity":"","overlay-gradient":""},"tablet":{"background-color":"var(--ast-global-color-5)","background-image":"","background-repeat":"repeat","background-position":"center center","background-size":"auto","background-attachment":"scroll","background-type":"","background-media":"","overlay-type":"","overlay-color":"","overlay-opacity":"","overlay-gradient":""},"mobile":{"background-color":"var(--ast-global-color-5)","background-image":"","background-repeat":"repeat","background-position":"center center","background-size":"auto","background-attachment":"scroll","background-type":"","background-media":"","overlay-type":"","overlay-color":"","overlay-opacity":"","overlay-gradient":""}}},"yoast_head":"<!-- This site is optimized with the Yoast SEO plugin v21.8.1 - https:\/\/yoast.com\/wordpress\/plugins\/seo\/ -->\n<title>Droit de r\u00e9tractation - Ideaalnet<\/title>\n<meta name=\"robots\" content=\"index, follow, max-snippet:-1, max-image-preview:large, max-video-preview:-1\" \/>\n<link rel=\"canonical\" href=\"https:\/\/my.ideaalnet.org\/be-fr\/droit-de-retractation\/\" \/>\n<meta property=\"og:locale\" content=\"en_US\" \/>\n<meta property=\"og:type\" content=\"article\" \/>\n<meta property=\"og:title\" content=\"Droit de r\u00e9tractation - Ideaalnet\" \/>\n<meta property=\"og:description\" content=\"Droit de r\u00e9traction Un consommateur est une personne qui conclut une transaction juridique \u00e0 des fins qui ne sont pas li\u00e9es \u00e0 son activit\u00e9 professionnelle commerciale ou ind\u00e9pendante. Dans le cas d&#8217;un achat \u00e0 distance, le consommateur peut exercer son droit de r\u00e9tractation. A. Exercice du droit de r\u00e9tractation Droit de retrait Vous avez le [&hellip;]\" \/>\n<meta property=\"og:url\" content=\"https:\/\/my.ideaalnet.org\/be-fr\/droit-de-retractation\/\" \/>\n<meta property=\"og:site_name\" content=\"Ideaalnet\" \/>\n<meta property=\"article:modified_time\" content=\"2022-01-17T17:26:29+00:00\" \/>\n<meta name=\"twitter:card\" content=\"summary_large_image\" \/>\n<meta name=\"twitter:label1\" content=\"Est. reading time\" \/>\n\t<meta name=\"twitter:data1\" content=\"3 minutes\" \/>\n<script type=\"application\/ld+json\" class=\"yoast-schema-graph\">{\"@context\":\"https:\/\/schema.org\",\"@graph\":[{\"@type\":\"WebPage\",\"@id\":\"https:\/\/my.ideaalnet.org\/be-fr\/droit-de-retractation\/\",\"url\":\"https:\/\/my.ideaalnet.org\/be-fr\/droit-de-retractation\/\",\"name\":\"Droit de r\u00e9tractation - Ideaalnet\",\"isPartOf\":{\"@id\":\"https:\/\/my.ideaalnet.org\/de\/#website\"},\"datePublished\":\"2020-11-13T16:48:40+00:00\",\"dateModified\":\"2022-01-17T17:26:29+00:00\",\"breadcrumb\":{\"@id\":\"https:\/\/my.ideaalnet.org\/be-fr\/droit-de-retractation\/#breadcrumb\"},\"inLanguage\":\"be-FR\",\"potentialAction\":[{\"@type\":\"ReadAction\",\"target\":[\"https:\/\/my.ideaalnet.org\/be-fr\/droit-de-retractation\/\"]}]},{\"@type\":\"BreadcrumbList\",\"@id\":\"https:\/\/my.ideaalnet.org\/be-fr\/droit-de-retractation\/#breadcrumb\",\"itemListElement\":[{\"@type\":\"ListItem\",\"position\":1,\"name\":\"Home\",\"item\":\"https:\/\/my.ideaalnet.org\/be-fr\/\"},{\"@type\":\"ListItem\",\"position\":2,\"name\":\"Droit de r\u00e9tractation\"}]},{\"@type\":\"WebSite\",\"@id\":\"https:\/\/my.ideaalnet.org\/de\/#website\",\"url\":\"https:\/\/my.ideaalnet.org\/de\/\",\"name\":\"Ideaalnet\",\"description\":\"Ideaalnet\",\"publisher\":{\"@id\":\"https:\/\/my.ideaalnet.org\/de\/#organization\"},\"potentialAction\":[{\"@type\":\"SearchAction\",\"target\":{\"@type\":\"EntryPoint\",\"urlTemplate\":\"https:\/\/my.ideaalnet.org\/de\/?s={search_term_string}\"},\"query-input\":\"required name=search_term_string\"}],\"inLanguage\":\"be-FR\"},{\"@type\":\"Organization\",\"@id\":\"https:\/\/my.ideaalnet.org\/de\/#organization\",\"name\":\"Ideaalnet\",\"url\":\"https:\/\/my.ideaalnet.org\/de\/\",\"logo\":{\"@type\":\"ImageObject\",\"inLanguage\":\"be-FR\",\"@id\":\"https:\/\/my.ideaalnet.org\/de\/#\/schema\/logo\/image\/\",\"url\":\"https:\/\/my.ideaalnet.org\/wp-content\/uploads\/2023\/04\/cropped-ideaalnet-Familie-School-Admin-Center-logo.png\",\"contentUrl\":\"https:\/\/my.ideaalnet.org\/wp-content\/uploads\/2023\/04\/cropped-ideaalnet-Familie-School-Admin-Center-logo.png\",\"width\":800,\"height\":210,\"caption\":\"Ideaalnet\"},\"image\":{\"@id\":\"https:\/\/my.ideaalnet.org\/de\/#\/schema\/logo\/image\/\"}}]}<\/script>\n<!-- \/ Yoast SEO plugin. -->","yoast_head_json":{"title":"Droit de r\u00e9tractation - Ideaalnet","robots":{"index":"index","follow":"follow","max-snippet":"max-snippet:-1","max-image-preview":"max-image-preview:large","max-video-preview":"max-video-preview:-1"},"canonical":"https:\/\/my.ideaalnet.org\/be-fr\/droit-de-retractation\/","og_locale":"en_US","og_type":"article","og_title":"Droit de r\u00e9tractation - Ideaalnet","og_description":"Droit de r\u00e9traction Un consommateur est une personne qui conclut une transaction juridique \u00e0 des fins qui ne sont pas li\u00e9es \u00e0 son activit\u00e9 professionnelle commerciale ou ind\u00e9pendante. Dans le cas d&#8217;un achat \u00e0 distance, le consommateur peut exercer son droit de r\u00e9tractation. A. Exercice du droit de r\u00e9tractation Droit de retrait Vous avez le [&hellip;]","og_url":"https:\/\/my.ideaalnet.org\/be-fr\/droit-de-retractation\/","og_site_name":"Ideaalnet","article_modified_time":"2022-01-17T17:26:29+00:00","twitter_card":"summary_large_image","twitter_misc":{"Est. reading time":"3 minutes"},"schema":{"@context":"https:\/\/schema.org","@graph":[{"@type":"WebPage","@id":"https:\/\/my.ideaalnet.org\/be-fr\/droit-de-retractation\/","url":"https:\/\/my.ideaalnet.org\/be-fr\/droit-de-retractation\/","name":"Droit de r\u00e9tractation - Ideaalnet","isPartOf":{"@id":"https:\/\/my.ideaalnet.org\/de\/#website"},"datePublished":"2020-11-13T16:48:40+00:00","dateModified":"2022-01-17T17:26:29+00:00","breadcrumb":{"@id":"https:\/\/my.ideaalnet.org\/be-fr\/droit-de-retractation\/#breadcrumb"},"inLanguage":"be-FR","potentialAction":[{"@type":"ReadAction","target":["https:\/\/my.ideaalnet.org\/be-fr\/droit-de-retractation\/"]}]},{"@type":"BreadcrumbList","@id":"https:\/\/my.ideaalnet.org\/be-fr\/droit-de-retractation\/#breadcrumb","itemListElement":[{"@type":"ListItem","position":1,"name":"Home","item":"https:\/\/my.ideaalnet.org\/be-fr\/"},{"@type":"ListItem","position":2,"name":"Droit de r\u00e9tractation"}]},{"@type":"WebSite","@id":"https:\/\/my.ideaalnet.org\/de\/#website","url":"https:\/\/my.ideaalnet.org\/de\/","name":"Ideaalnet","description":"Ideaalnet","publisher":{"@id":"https:\/\/my.ideaalnet.org\/de\/#organization"},"potentialAction":[{"@type":"SearchAction","target":{"@type":"EntryPoint","urlTemplate":"https:\/\/my.ideaalnet.org\/de\/?s={search_term_string}"},"query-input":"required name=search_term_string"}],"inLanguage":"be-FR"},{"@type":"Organization","@id":"https:\/\/my.ideaalnet.org\/de\/#organization","name":"Ideaalnet","url":"https:\/\/my.ideaalnet.org\/de\/","logo":{"@type":"ImageObject","inLanguage":"be-FR","@id":"https:\/\/my.ideaalnet.org\/de\/#\/schema\/logo\/image\/","url":"https:\/\/my.ideaalnet.org\/wp-content\/uploads\/2023\/04\/cropped-ideaalnet-Familie-School-Admin-Center-logo.png","contentUrl":"https:\/\/my.ideaalnet.org\/wp-content\/uploads\/2023\/04\/cropped-ideaalnet-Familie-School-Admin-Center-logo.png","width":800,"height":210,"caption":"Ideaalnet"},"image":{"@id":"https:\/\/my.ideaalnet.org\/de\/#\/schema\/logo\/image\/"}}]}},"_links":{"self":[{"href":"https:\/\/my.ideaalnet.org\/be-fr\/wp-json\/wp\/v2\/pages\/1401"}],"collection":[{"href":"https:\/\/my.ideaalnet.org\/be-fr\/wp-json\/wp\/v2\/pages"}],"about":[{"href":"https:\/\/my.ideaalnet.org\/be-fr\/wp-json\/wp\/v2\/types\/page"}],"author":[{"embeddable":true,"href":"https:\/\/my.ideaalnet.org\/be-fr\/wp-json\/wp\/v2\/users\/1"}],"replies":[{"embeddable":true,"href":"https:\/\/my.ideaalnet.org\/be-fr\/wp-json\/wp\/v2\/comments?post=1401"}],"version-history":[{"count":31,"href":"https:\/\/my.ideaalnet.org\/be-fr\/wp-json\/wp\/v2\/pages\/1401\/revisions"}],"predecessor-version":[{"id":3338,"href":"https:\/\/my.ideaalnet.org\/be-fr\/wp-json\/wp\/v2\/pages\/1401\/revisions\/3338"}],"wp:attachment":[{"href":"https:\/\/my.ideaalnet.org\/be-fr\/wp-json\/wp\/v2\/media?parent=1401"}],"curies":[{"name":"wp","href":"https:\/\/api.w.org\/{rel}","templated":true}]}}