{"id":2065,"date":"2021-10-06T09:13:52","date_gmt":"2021-10-06T09:13:52","guid":{"rendered":"https:\/\/my.ideaalnet.org\/contact-thanks\/"},"modified":"2021-10-25T16:00:04","modified_gmt":"2021-10-25T16:00:04","slug":"contact-thanks","status":"publish","type":"page","link":"https:\/\/my.ideaalnet.org\/de\/contact-thanks\/","title":{"rendered":"Contact Thanks"},"content":{"rendered":"\t\t<div data-elementor-type=\"wp-page\" data-elementor-id=\"2065\" class=\"elementor elementor-2065 elementor-1824\">\n\t\t\t\t\t\t<section class=\"elementor-section elementor-top-section elementor-element elementor-element-42cd0733 elementor-section-boxed elementor-section-height-default elementor-section-height-default\" data-id=\"42cd0733\" data-element_type=\"section\" id=\"home\" data-settings=\"{&quot;background_background&quot;:&quot;classic&quot;}\">\n\t\t\t\t\t\t<div class=\"elementor-container elementor-column-gap-default\">\n\t\t\t\t\t<div class=\"elementor-column elementor-col-100 elementor-top-column elementor-element elementor-element-ed540a\" data-id=\"ed540a\" data-element_type=\"column\">\n\t\t\t<div class=\"elementor-widget-wrap elementor-element-populated\">\n\t\t\t\t\t\t<div class=\"elementor-element elementor-element-1d52d688 elementor-widget-divider--view-line elementor-widget elementor-widget-divider\" data-id=\"1d52d688\" data-element_type=\"widget\" data-widget_type=\"divider.default\">\n\t\t\t\t<div class=\"elementor-widget-container\">\n\t\t\t\t\t<div class=\"elementor-divider\">\n\t\t\t<span class=\"elementor-divider-separator\">\n\t\t\t\t\t\t<\/span>\n\t\t<\/div>\n\t\t\t\t<\/div>\n\t\t\t\t<\/div>\n\t\t\t\t<div class=\"elementor-element elementor-element-555813a9 elementor-widget elementor-widget-heading\" data-id=\"555813a9\" data-element_type=\"widget\" data-widget_type=\"heading.default\">\n\t\t\t\t<div class=\"elementor-widget-container\">\n\t\t\t<h3 class=\"elementor-heading-title elementor-size-default\">Vielen Dank f\u00fcr Ihre Nachricht<\/h3>\t\t<\/div>\n\t\t\t\t<\/div>\n\t\t\t\t\t<\/div>\n\t\t<\/div>\n\t\t\t\t\t<\/div>\n\t\t<\/section>\n\t\t\t\t<section class=\"elementor-section elementor-top-section elementor-element elementor-element-412d55f5 elementor-section-boxed elementor-section-height-default elementor-section-height-default\" data-id=\"412d55f5\" data-element_type=\"section\">\n\t\t\t\t\t\t<div class=\"elementor-container elementor-column-gap-default\">\n\t\t\t\t\t<div class=\"elementor-column elementor-col-100 elementor-top-column elementor-element elementor-element-7a842805\" data-id=\"7a842805\" data-element_type=\"column\">\n\t\t\t<div class=\"elementor-widget-wrap elementor-element-populated\">\n\t\t\t\t\t\t<div class=\"elementor-element elementor-element-73718a90 elementor-widget elementor-widget-text-editor\" data-id=\"73718a90\" data-element_type=\"widget\" data-widget_type=\"text-editor.default\">\n\t\t\t\t<div class=\"elementor-widget-container\">\n\t\t\t\t\t\t\t<p><strong>Vielen Dank f\u00fcr Ihre Nachricht. Wir werden Ihnen so schnell wie m\u00f6glich zur Verf\u00fcgung stehen.<\/strong><\/p><p>\u00a0<\/p><p>Mit freundlichen Gr\u00fc\u00dfen,<\/p><p>\u00a0<\/p><p>Ideaalnet-Helpdesk-Team<\/p>\t\t\t\t\t\t<\/div>\n\t\t\t\t<\/div>\n\t\t\t\t<div class=\"elementor-element elementor-element-7a3abc4d elementor-widget-divider--view-line elementor-widget elementor-widget-divider\" data-id=\"7a3abc4d\" data-element_type=\"widget\" data-widget_type=\"divider.default\">\n\t\t\t\t<div class=\"elementor-widget-container\">\n\t\t\t\t\t<div class=\"elementor-divider\">\n\t\t\t<span class=\"elementor-divider-separator\">\n\t\t\t\t\t\t<\/span>\n\t\t<\/div>\n\t\t\t\t<\/div>\n\t\t\t\t<\/div>\n\t\t\t\t\t<\/div>\n\t\t<\/div>\n\t\t\t\t\t<\/div>\n\t\t<\/section>\n\t\t\t\t<section class=\"elementor-section elementor-inner-section elementor-element elementor-element-743bc7bb elementor-section-boxed elementor-section-height-default elementor-section-height-default\" data-id=\"743bc7bb\" data-element_type=\"section\">\n\t\t\t\t\t\t<div class=\"elementor-container elementor-column-gap-default\">\n\t\t\t\t\t<div class=\"elementor-column elementor-col-33 elementor-inner-column elementor-element elementor-element-10b815bc\" data-id=\"10b815bc\" data-element_type=\"column\">\n\t\t\t<div class=\"elementor-widget-wrap elementor-element-populated\">\n\t\t\t\t\t\t<div class=\"elementor-element elementor-element-414cd918 elementor-vertical-align-top elementor-widget elementor-widget-icon-box\" data-id=\"414cd918\" data-element_type=\"widget\" data-widget_type=\"icon-box.default\">\n\t\t\t\t<div class=\"elementor-widget-container\">\n\t\t\t\t\t<div class=\"elementor-icon-box-wrapper\">\n\n\t\t\t\n\t\t\t\t\t\t<div class=\"elementor-icon-box-content\">\n\n\t\t\t\t\t\t\t\t\t<h3 class=\"elementor-icon-box-title\">\n\t\t\t\t\t\t<span  >\n\t\t\t\t\t\t\tStiftung Ideaalnet Cloud & Admin Services \t\t\t\t\t\t<\/span>\n\t\t\t\t\t<\/h3>\n\t\t\t\t\n\t\t\t\t\t\t\t\t\t<p class=\"elementor-icon-box-description\">\n\t\t\t\t\t\tAlt-Heerdt 104 <\/br>\n40549 D\u00fcsseldorf<\/br>\nRegistriert beim Gewerbeamt D\u00fcsseldorf \n\t\t\t\t\t<\/p>\n\t\t\t\t\n\t\t\t<\/div>\n\t\t\t\n\t\t<\/div>\n\t\t\t\t<\/div>\n\t\t\t\t<\/div>\n\t\t\t\t\t<\/div>\n\t\t<\/div>\n\t\t\t\t<div class=\"elementor-column elementor-col-33 elementor-inner-column elementor-element elementor-element-318ee3cd\" data-id=\"318ee3cd\" data-element_type=\"column\">\n\t\t\t<div class=\"elementor-widget-wrap elementor-element-populated\">\n\t\t\t\t\t\t<div class=\"elementor-element elementor-element-421e4352 elementor-vertical-align-top elementor-widget elementor-widget-icon-box\" data-id=\"421e4352\" data-element_type=\"widget\" data-widget_type=\"icon-box.default\">\n\t\t\t\t<div class=\"elementor-widget-container\">\n\t\t\t\t\t<div class=\"elementor-icon-box-wrapper\">\n\n\t\t\t\n\t\t\t\t\t\t<div class=\"elementor-icon-box-content\">\n\n\t\t\t\t\t\t\t\t\t<h3 class=\"elementor-icon-box-title\">\n\t\t\t\t\t\t<span  >\n\t\t\t\t\t\t\tHelpdesk f\u00fcr Eltern\/Studenten\t\t\t\t\t\t<\/span>\n\t\t\t\t\t<\/h3>\n\t\t\t\t\n\t\t\t\t\t\t\t\t\t<p class=\"elementor-icon-box-description\">\n\t\t\t\t\t\tBitte senden Sie Ihre Frage mit dem obigen Formular, und wir werden Ihnen so schnell wie m\u00f6glich helfen.\n<br\/>\nRufen Sie uns an: 0211 \u2013 4 18 73 068 (8:00 bis 22:00 - 7 Tage die Woche)\t\t\t\t\t<\/p>\n\t\t\t\t\n\t\t\t<\/div>\n\t\t\t\n\t\t<\/div>\n\t\t\t\t<\/div>\n\t\t\t\t<\/div>\n\t\t\t\t\t<\/div>\n\t\t<\/div>\n\t\t\t\t<div class=\"elementor-column elementor-col-33 elementor-inner-column elementor-element elementor-element-2fcb79f5\" data-id=\"2fcb79f5\" data-element_type=\"column\">\n\t\t\t<div class=\"elementor-widget-wrap elementor-element-populated\">\n\t\t\t\t\t\t\t<\/div>\n\t\t<\/div>\n\t\t\t\t\t<\/div>\n\t\t<\/section>\n\t\t\t\t<section class=\"elementor-section elementor-top-section elementor-element elementor-element-713ef236 elementor-section-content-middle elementor-section-boxed elementor-section-height-default elementor-section-height-default\" data-id=\"713ef236\" data-element_type=\"section\">\n\t\t\t\t\t\t<div class=\"elementor-container elementor-column-gap-no\">\n\t\t\t\t\t<div class=\"elementor-column elementor-col-100 elementor-top-column elementor-element elementor-element-74c6d100\" data-id=\"74c6d100\" data-element_type=\"column\">\n\t\t\t<div class=\"elementor-widget-wrap\">\n\t\t\t\t\t\t\t<\/div>\n\t\t<\/div>\n\t\t\t\t\t<\/div>\n\t\t<\/section>\n\t\t\t\t<\/div>\n\t\t","protected":false},"excerpt":{"rendered":"<p>Vielen Dank f\u00fcr Ihre Nachricht Vielen Dank f\u00fcr Ihre Nachricht. Wir werden Ihnen so schnell wie m\u00f6glich zur Verf\u00fcgung stehen. \u00a0 Mit freundlichen Gr\u00fc\u00dfen, \u00a0 Ideaalnet-Helpdesk-Team Stiftung Ideaalnet Cloud &#038; Admin Services Alt-Heerdt 104 40549 D\u00fcsseldorf Registriert beim Gewerbeamt D\u00fcsseldorf Helpdesk f\u00fcr Eltern\/Studenten Bitte senden Sie Ihre Frage mit dem obigen Formular, und wir werden [&hellip;]<\/p>\n","protected":false},"author":1,"featured_media":0,"parent":0,"menu_order":0,"comment_status":"closed","ping_status":"closed","template":"","meta":{"site-sidebar-layout":"no-sidebar","site-content-layout":"page-builder","ast-site-content-layout":"default","site-content-style":"default","site-sidebar-style":"default","ast-global-header-display":"","ast-banner-title-visibility":"","ast-main-header-display":"","ast-hfb-above-header-display":"","ast-hfb-below-header-display":"","ast-hfb-mobile-header-display":"","site-post-title":"disabled","ast-breadcrumbs-content":"","ast-featured-img":"disabled","footer-sml-layout":"","ast-disable-related-posts":"","theme-transparent-header-meta":"default","adv-header-id-meta":"","stick-header-meta":"","header-above-stick-meta":"","header-main-stick-meta":"","header-below-stick-meta":"","astra-migrate-meta-layouts":"default","ast-page-background-enabled":"default","ast-page-background-meta":{"desktop":{"background-color":"","background-image":"","background-repeat":"repeat","background-position":"center center","background-size":"auto","background-attachment":"scroll","background-type":"","background-media":"","overlay-type":"","overlay-color":"","overlay-opacity":"","overlay-gradient":""},"tablet":{"background-color":"","background-image":"","background-repeat":"repeat","background-position":"center center","background-size":"auto","background-attachment":"scroll","background-type":"","background-media":"","overlay-type":"","overlay-color":"","overlay-opacity":"","overlay-gradient":""},"mobile":{"background-color":"","background-image":"","background-repeat":"repeat","background-position":"center center","background-size":"auto","background-attachment":"scroll","background-type":"","background-media":"","overlay-type":"","overlay-color":"","overlay-opacity":"","overlay-gradient":""}},"ast-content-background-meta":{"desktop":{"background-color":"var(--ast-global-color-5)","background-image":"","background-repeat":"repeat","background-position":"center center","background-size":"auto","background-attachment":"scroll","background-type":"","background-media":"","overlay-type":"","overlay-color":"","overlay-opacity":"","overlay-gradient":""},"tablet":{"background-color":"var(--ast-global-color-5)","background-image":"","background-repeat":"repeat","background-position":"center center","background-size":"auto","background-attachment":"scroll","background-type":"","background-media":"","overlay-type":"","overlay-color":"","overlay-opacity":"","overlay-gradient":""},"mobile":{"background-color":"var(--ast-global-color-5)","background-image":"","background-repeat":"repeat","background-position":"center center","background-size":"auto","background-attachment":"scroll","background-type":"","background-media":"","overlay-type":"","overlay-color":"","overlay-opacity":"","overlay-gradient":""}}},"yoast_head":"<!-- This site is optimized with the Yoast SEO plugin v21.8.1 - https:\/\/yoast.com\/wordpress\/plugins\/seo\/ -->\n<title>Contact Thanks - Ideaalnet<\/title>\n<meta name=\"robots\" content=\"index, follow, max-snippet:-1, max-image-preview:large, max-video-preview:-1\" \/>\n<link rel=\"canonical\" href=\"https:\/\/my.ideaalnet.org\/de\/contact-thanks\/\" \/>\n<meta property=\"og:locale\" content=\"de_DE\" \/>\n<meta property=\"og:type\" content=\"article\" \/>\n<meta property=\"og:title\" content=\"Contact Thanks - Ideaalnet\" \/>\n<meta property=\"og:description\" content=\"Vielen Dank f\u00fcr Ihre Nachricht Vielen Dank f\u00fcr Ihre Nachricht. Wir werden Ihnen so schnell wie m\u00f6glich zur Verf\u00fcgung stehen. \u00a0 Mit freundlichen Gr\u00fc\u00dfen, \u00a0 Ideaalnet-Helpdesk-Team Stiftung Ideaalnet Cloud &#038; Admin Services Alt-Heerdt 104 40549 D\u00fcsseldorf Registriert beim Gewerbeamt D\u00fcsseldorf Helpdesk f\u00fcr Eltern\/Studenten Bitte senden Sie Ihre Frage mit dem obigen Formular, und wir werden [&hellip;]\" \/>\n<meta property=\"og:url\" content=\"https:\/\/my.ideaalnet.org\/de\/contact-thanks\/\" \/>\n<meta property=\"og:site_name\" content=\"Ideaalnet\" \/>\n<meta property=\"article:modified_time\" content=\"2021-10-25T16:00:04+00:00\" \/>\n<meta name=\"twitter:card\" content=\"summary_large_image\" \/>\n<meta name=\"twitter:label1\" content=\"Gesch\u00e4tzte Lesezeit\" \/>\n\t<meta name=\"twitter:data1\" content=\"1\u00a0Minute\" \/>\n<script type=\"application\/ld+json\" class=\"yoast-schema-graph\">{\"@context\":\"https:\/\/schema.org\",\"@graph\":[{\"@type\":\"WebPage\",\"@id\":\"https:\/\/my.ideaalnet.org\/de\/contact-thanks\/\",\"url\":\"https:\/\/my.ideaalnet.org\/de\/contact-thanks\/\",\"name\":\"Contact Thanks - Ideaalnet\",\"isPartOf\":{\"@id\":\"https:\/\/my.ideaalnet.org\/de\/#website\"},\"datePublished\":\"2021-10-06T09:13:52+00:00\",\"dateModified\":\"2021-10-25T16:00:04+00:00\",\"breadcrumb\":{\"@id\":\"https:\/\/my.ideaalnet.org\/de\/contact-thanks\/#breadcrumb\"},\"inLanguage\":\"de\",\"potentialAction\":[{\"@type\":\"ReadAction\",\"target\":[\"https:\/\/my.ideaalnet.org\/de\/contact-thanks\/\"]}]},{\"@type\":\"BreadcrumbList\",\"@id\":\"https:\/\/my.ideaalnet.org\/de\/contact-thanks\/#breadcrumb\",\"itemListElement\":[{\"@type\":\"ListItem\",\"position\":1,\"name\":\"Home\",\"item\":\"https:\/\/my.ideaalnet.org\/de\/\"},{\"@type\":\"ListItem\",\"position\":2,\"name\":\"Contact Thanks\"}]},{\"@type\":\"WebSite\",\"@id\":\"https:\/\/my.ideaalnet.org\/de\/#website\",\"url\":\"https:\/\/my.ideaalnet.org\/de\/\",\"name\":\"Ideaalnet\",\"description\":\"Ideaalnet\",\"publisher\":{\"@id\":\"https:\/\/my.ideaalnet.org\/de\/#organization\"},\"potentialAction\":[{\"@type\":\"SearchAction\",\"target\":{\"@type\":\"EntryPoint\",\"urlTemplate\":\"https:\/\/my.ideaalnet.org\/de\/?s={search_term_string}\"},\"query-input\":\"required name=search_term_string\"}],\"inLanguage\":\"de\"},{\"@type\":\"Organization\",\"@id\":\"https:\/\/my.ideaalnet.org\/de\/#organization\",\"name\":\"Ideaalnet\",\"url\":\"https:\/\/my.ideaalnet.org\/de\/\",\"logo\":{\"@type\":\"ImageObject\",\"inLanguage\":\"de\",\"@id\":\"https:\/\/my.ideaalnet.org\/de\/#\/schema\/logo\/image\/\",\"url\":\"https:\/\/my.ideaalnet.org\/wp-content\/uploads\/2023\/04\/cropped-ideaalnet-Familie-School-Admin-Center-logo.png\",\"contentUrl\":\"https:\/\/my.ideaalnet.org\/wp-content\/uploads\/2023\/04\/cropped-ideaalnet-Familie-School-Admin-Center-logo.png\",\"width\":800,\"height\":210,\"caption\":\"Ideaalnet\"},\"image\":{\"@id\":\"https:\/\/my.ideaalnet.org\/de\/#\/schema\/logo\/image\/\"}}]}<\/script>\n<!-- \/ Yoast SEO plugin. -->","yoast_head_json":{"title":"Contact Thanks - Ideaalnet","robots":{"index":"index","follow":"follow","max-snippet":"max-snippet:-1","max-image-preview":"max-image-preview:large","max-video-preview":"max-video-preview:-1"},"canonical":"https:\/\/my.ideaalnet.org\/de\/contact-thanks\/","og_locale":"de_DE","og_type":"article","og_title":"Contact Thanks - Ideaalnet","og_description":"Vielen Dank f\u00fcr Ihre Nachricht Vielen Dank f\u00fcr Ihre Nachricht. Wir werden Ihnen so schnell wie m\u00f6glich zur Verf\u00fcgung stehen. \u00a0 Mit freundlichen Gr\u00fc\u00dfen, \u00a0 Ideaalnet-Helpdesk-Team Stiftung Ideaalnet Cloud &#038; Admin Services Alt-Heerdt 104 40549 D\u00fcsseldorf Registriert beim Gewerbeamt D\u00fcsseldorf Helpdesk f\u00fcr Eltern\/Studenten Bitte senden Sie Ihre Frage mit dem obigen Formular, und wir werden [&hellip;]","og_url":"https:\/\/my.ideaalnet.org\/de\/contact-thanks\/","og_site_name":"Ideaalnet","article_modified_time":"2021-10-25T16:00:04+00:00","twitter_card":"summary_large_image","twitter_misc":{"Gesch\u00e4tzte Lesezeit":"1\u00a0Minute"},"schema":{"@context":"https:\/\/schema.org","@graph":[{"@type":"WebPage","@id":"https:\/\/my.ideaalnet.org\/de\/contact-thanks\/","url":"https:\/\/my.ideaalnet.org\/de\/contact-thanks\/","name":"Contact Thanks - Ideaalnet","isPartOf":{"@id":"https:\/\/my.ideaalnet.org\/de\/#website"},"datePublished":"2021-10-06T09:13:52+00:00","dateModified":"2021-10-25T16:00:04+00:00","breadcrumb":{"@id":"https:\/\/my.ideaalnet.org\/de\/contact-thanks\/#breadcrumb"},"inLanguage":"de","potentialAction":[{"@type":"ReadAction","target":["https:\/\/my.ideaalnet.org\/de\/contact-thanks\/"]}]},{"@type":"BreadcrumbList","@id":"https:\/\/my.ideaalnet.org\/de\/contact-thanks\/#breadcrumb","itemListElement":[{"@type":"ListItem","position":1,"name":"Home","item":"https:\/\/my.ideaalnet.org\/de\/"},{"@type":"ListItem","position":2,"name":"Contact Thanks"}]},{"@type":"WebSite","@id":"https:\/\/my.ideaalnet.org\/de\/#website","url":"https:\/\/my.ideaalnet.org\/de\/","name":"Ideaalnet","description":"Ideaalnet","publisher":{"@id":"https:\/\/my.ideaalnet.org\/de\/#organization"},"potentialAction":[{"@type":"SearchAction","target":{"@type":"EntryPoint","urlTemplate":"https:\/\/my.ideaalnet.org\/de\/?s={search_term_string}"},"query-input":"required name=search_term_string"}],"inLanguage":"de"},{"@type":"Organization","@id":"https:\/\/my.ideaalnet.org\/de\/#organization","name":"Ideaalnet","url":"https:\/\/my.ideaalnet.org\/de\/","logo":{"@type":"ImageObject","inLanguage":"de","@id":"https:\/\/my.ideaalnet.org\/de\/#\/schema\/logo\/image\/","url":"https:\/\/my.ideaalnet.org\/wp-content\/uploads\/2023\/04\/cropped-ideaalnet-Familie-School-Admin-Center-logo.png","contentUrl":"https:\/\/my.ideaalnet.org\/wp-content\/uploads\/2023\/04\/cropped-ideaalnet-Familie-School-Admin-Center-logo.png","width":800,"height":210,"caption":"Ideaalnet"},"image":{"@id":"https:\/\/my.ideaalnet.org\/de\/#\/schema\/logo\/image\/"}}]}},"_links":{"self":[{"href":"https:\/\/my.ideaalnet.org\/de\/wp-json\/wp\/v2\/pages\/2065"}],"collection":[{"href":"https:\/\/my.ideaalnet.org\/de\/wp-json\/wp\/v2\/pages"}],"about":[{"href":"https:\/\/my.ideaalnet.org\/de\/wp-json\/wp\/v2\/types\/page"}],"author":[{"embeddable":true,"href":"https:\/\/my.ideaalnet.org\/de\/wp-json\/wp\/v2\/users\/1"}],"replies":[{"embeddable":true,"href":"https:\/\/my.ideaalnet.org\/de\/wp-json\/wp\/v2\/comments?post=2065"}],"version-history":[{"count":25,"href":"https:\/\/my.ideaalnet.org\/de\/wp-json\/wp\/v2\/pages\/2065\/revisions"}],"predecessor-version":[{"id":2764,"href":"https:\/\/my.ideaalnet.org\/de\/wp-json\/wp\/v2\/pages\/2065\/revisions\/2764"}],"wp:attachment":[{"href":"https:\/\/my.ideaalnet.org\/de\/wp-json\/wp\/v2\/media?parent=2065"}],"curies":[{"name":"wp","href":"https:\/\/api.w.org\/{rel}","templated":true}]}}