{"id":936,"date":"2020-08-26T12:07:48","date_gmt":"2020-08-26T12:07:48","guid":{"rendered":"https:\/\/my.ideaalnet.org\/?page_id=936"},"modified":"2023-01-22T16:15:22","modified_gmt":"2023-01-22T16:15:22","slug":"beschwerdemanagement","status":"publish","type":"page","link":"https:\/\/my.ideaalnet.org\/de\/beschwerdemanagement\/","title":{"rendered":"Beschwerdemanagement"},"content":{"rendered":"\t\t<div data-elementor-type=\"wp-page\" data-elementor-id=\"936\" class=\"elementor elementor-936 elementor-904\">\n\t\t\t\t\t\t<section class=\"elementor-section elementor-top-section elementor-element elementor-element-6a2b483a elementor-section-boxed elementor-section-height-default elementor-section-height-default\" data-id=\"6a2b483a\" data-element_type=\"section\" id=\"home\" data-settings=\"{&quot;background_background&quot;:&quot;classic&quot;}\">\n\t\t\t\t\t\t<div class=\"elementor-container elementor-column-gap-default\">\n\t\t\t\t\t<div class=\"elementor-column elementor-col-100 elementor-top-column elementor-element elementor-element-5662cda\" data-id=\"5662cda\" data-element_type=\"column\">\n\t\t\t<div class=\"elementor-widget-wrap elementor-element-populated\">\n\t\t\t\t\t\t<div class=\"elementor-element elementor-element-5d6f9e28 elementor-widget-divider--view-line elementor-widget elementor-widget-divider\" data-id=\"5d6f9e28\" data-element_type=\"widget\" data-widget_type=\"divider.default\">\n\t\t\t\t<div class=\"elementor-widget-container\">\n\t\t\t\t\t<div class=\"elementor-divider\">\n\t\t\t<span class=\"elementor-divider-separator\">\n\t\t\t\t\t\t<\/span>\n\t\t<\/div>\n\t\t\t\t<\/div>\n\t\t\t\t<\/div>\n\t\t\t\t<div class=\"elementor-element elementor-element-64ee5193 elementor-widget elementor-widget-heading\" data-id=\"64ee5193\" data-element_type=\"widget\" data-widget_type=\"heading.default\">\n\t\t\t\t<div class=\"elementor-widget-container\">\n\t\t\t<h3 class=\"elementor-heading-title elementor-size-default\">Beschwerdemanagement<\/h3>\t\t<\/div>\n\t\t\t\t<\/div>\n\t\t\t\t\t<\/div>\n\t\t<\/div>\n\t\t\t\t\t<\/div>\n\t\t<\/section>\n\t\t\t\t<section class=\"elementor-section elementor-top-section elementor-element elementor-element-5bb9b268 elementor-section-content-middle elementor-section-boxed elementor-section-height-default elementor-section-height-default\" data-id=\"5bb9b268\" data-element_type=\"section\">\n\t\t\t\t\t\t<div class=\"elementor-container elementor-column-gap-no\">\n\t\t\t\t\t<div class=\"elementor-column elementor-col-100 elementor-top-column elementor-element elementor-element-72677549\" data-id=\"72677549\" data-element_type=\"column\">\n\t\t\t<div class=\"elementor-widget-wrap elementor-element-populated\">\n\t\t\t\t\t\t<section class=\"elementor-section elementor-inner-section elementor-element elementor-element-9822257 elementor-section-boxed elementor-section-height-default elementor-section-height-default\" data-id=\"9822257\" data-element_type=\"section\">\n\t\t\t\t\t\t<div class=\"elementor-container elementor-column-gap-default\">\n\t\t\t\t\t<div class=\"elementor-column elementor-col-100 elementor-inner-column elementor-element elementor-element-be08774\" data-id=\"be08774\" data-element_type=\"column\">\n\t\t\t<div class=\"elementor-widget-wrap elementor-element-populated\">\n\t\t\t\t\t\t<div class=\"elementor-element elementor-element-43f922f elementor-widget elementor-widget-text-editor\" data-id=\"43f922f\" data-element_type=\"widget\" data-widget_type=\"text-editor.default\">\n\t\t\t\t<div class=\"elementor-widget-container\">\n\t\t\t\t\t\t\t<h2>Sie waren nicht zufrieden?<\/h2><p>Hier finden Sie wichtige Informationen \u00fcber die Bearbeitung von Beschwerden.<\/p><p>Wir m\u00f6chten, dass Sie zufrieden sind. F\u00fcr den unwahrscheinlichen Fall, dass Sie mit der Bearbeitung Ihrer Beschwerde unzufrieden sind, bitten wir Sie, Ihre Beschwerde mit dem unten stehenden Online-Formular zu verfassen. Wir werden Sie dann so schnell wie m\u00f6glich kontaktieren.<\/p><p style=\"margin-bottom: 0px; line-height: 21pt;\"><span style=\"color: #201f1e; font-family: Calibri, sans-serif;\"><span style=\"font-size: 14.6667px;\"><div class=\"wpforms-container \" id=\"wpforms-1938\"><form id=\"wpforms-form-1938\" class=\"wpforms-validate wpforms-form\" data-formid=\"1938\" method=\"post\" enctype=\"multipart\/form-data\" action=\"\/de\/wp-json\/wp\/v2\/pages\/936?wpforms_form_id=1938\" data-token=\"0f0d42265f7799ac190da33d4a29d5c3\"><noscript class=\"wpforms-error-noscript\">Bitte aktiviere JavaScript in deinem Browser, um dieses Formular fertigzustellen.<\/noscript><div class=\"wpforms-field-container\"><div id=\"wpforms-1938-field_5-container\" class=\"wpforms-field wpforms-field-radio\" data-field-id=\"5\"><label class=\"wpforms-field-label\" for=\"wpforms-1938-field_5\">W\u00e4hlen Sie ein Thema <span class=\"wpforms-required-label\">*<\/span><\/label><ul id=\"wpforms-1938-field_5\" class=\"wpforms-field-required\"><li class=\"choice-3 depth-1 wpforms-selected\"><input type=\"radio\" id=\"wpforms-1938-field_5_3\" name=\"wpforms[fields][5]\" value=\"Meldung einer Beschwerde\" required  checked='checked'><label class=\"wpforms-field-label-inline\" for=\"wpforms-1938-field_5_3\">Meldung einer Beschwerde<\/label><\/li><\/ul><\/div><div id=\"wpforms-1938-field_6-container\" class=\"wpforms-field wpforms-field-radio\" data-field-id=\"6\"><label class=\"wpforms-field-label\" for=\"wpforms-1938-field_6\">W\u00e4hlen Sie Ihre Anrede <span class=\"wpforms-required-label\">*<\/span><\/label><ul id=\"wpforms-1938-field_6\" class=\"wpforms-field-required\"><li class=\"choice-1 depth-1\"><input type=\"radio\" id=\"wpforms-1938-field_6_1\" name=\"wpforms[fields][6]\" value=\"Herr\" required ><label class=\"wpforms-field-label-inline\" for=\"wpforms-1938-field_6_1\">Herr<\/label><\/li><li class=\"choice-2 depth-1\"><input type=\"radio\" id=\"wpforms-1938-field_6_2\" name=\"wpforms[fields][6]\" value=\"Frau\" required ><label class=\"wpforms-field-label-inline\" for=\"wpforms-1938-field_6_2\">Frau<\/label><\/li><\/ul><\/div><div id=\"wpforms-1938-field_18-container\" class=\"wpforms-field wpforms-field-textarea\" data-field-id=\"18\"><label class=\"wpforms-field-label\" for=\"wpforms-1938-field_18\">Nachricht<\/label><textarea id=\"wpforms-1938-field_18\" class=\"wpforms-field-medium\" name=\"wpforms[fields][18]\" ><\/textarea><\/div><div id=\"wpforms-1938-field_23-container\" class=\"wpforms-field wpforms-field-text\" data-field-id=\"23\"><label class=\"wpforms-field-label\" for=\"wpforms-1938-field_23\">Bestellnummer (Wenn Sie eine passende Bestellnummer haben, geben Sie diese bitte auch hier ein).<\/label><input type=\"text\" id=\"wpforms-1938-field_23\" class=\"wpforms-field-large\" name=\"wpforms[fields][23]\" ><\/div><div id=\"wpforms-1938-field_11-container\" class=\"wpforms-field wpforms-field-text wpforms-one-half wpforms-first\" data-field-id=\"11\"><label class=\"wpforms-field-label\" for=\"wpforms-1938-field_11\">Nachname <span class=\"wpforms-required-label\">*<\/span><\/label><input type=\"text\" id=\"wpforms-1938-field_11\" class=\"wpforms-field-large wpforms-field-required\" name=\"wpforms[fields][11]\" required><\/div><div id=\"wpforms-1938-field_12-container\" class=\"wpforms-field wpforms-field-text wpforms-one-half\" data-field-id=\"12\"><label class=\"wpforms-field-label\" for=\"wpforms-1938-field_12\">Vorname <span class=\"wpforms-required-label\">*<\/span><\/label><input type=\"text\" id=\"wpforms-1938-field_12\" class=\"wpforms-field-large wpforms-field-required\" name=\"wpforms[fields][12]\" required><\/div><div id=\"wpforms-1938-field_9-container\" class=\"wpforms-field wpforms-field-text wpforms-one-half wpforms-first\" data-field-id=\"9\"><label class=\"wpforms-field-label\" for=\"wpforms-1938-field_9\">Stra\u00dfe <span class=\"wpforms-required-label\">*<\/span><\/label><input type=\"text\" id=\"wpforms-1938-field_9\" class=\"wpforms-field-large wpforms-field-required\" name=\"wpforms[fields][9]\" required><\/div><div id=\"wpforms-1938-field_10-container\" class=\"wpforms-field wpforms-field-text wpforms-one-half\" data-field-id=\"10\"><label class=\"wpforms-field-label\" for=\"wpforms-1938-field_10\">Hausnummer <span class=\"wpforms-required-label\">*<\/span><\/label><input type=\"text\" id=\"wpforms-1938-field_10\" class=\"wpforms-field-large wpforms-field-required\" name=\"wpforms[fields][10]\" required><\/div><div id=\"wpforms-1938-field_13-container\" class=\"wpforms-field wpforms-field-text wpforms-one-half wpforms-first\" data-field-id=\"13\"><label class=\"wpforms-field-label\" for=\"wpforms-1938-field_13\">Postleitzahl <span class=\"wpforms-required-label\">*<\/span><\/label><input type=\"text\" id=\"wpforms-1938-field_13\" class=\"wpforms-field-large wpforms-field-required\" name=\"wpforms[fields][13]\" required><\/div><div id=\"wpforms-1938-field_14-container\" class=\"wpforms-field wpforms-field-text wpforms-one-half\" data-field-id=\"14\"><label class=\"wpforms-field-label\" for=\"wpforms-1938-field_14\">Ort <span class=\"wpforms-required-label\">*<\/span><\/label><input type=\"text\" id=\"wpforms-1938-field_14\" class=\"wpforms-field-large wpforms-field-required\" name=\"wpforms[fields][14]\" required><\/div><div id=\"wpforms-1938-field_21-container\" class=\"wpforms-field wpforms-field-email wpforms-one-half wpforms-first\" data-field-id=\"21\"><label class=\"wpforms-field-label\" for=\"wpforms-1938-field_21\">E-Mail <span class=\"wpforms-required-label\">*<\/span><\/label><input type=\"email\" id=\"wpforms-1938-field_21\" class=\"wpforms-field-large wpforms-field-required\" name=\"wpforms[fields][21]\" spellcheck=\"false\" required><\/div><div id=\"wpforms-1938-field_25-container\" class=\"wpforms-field wpforms-field-text wpforms-one-half\" data-field-id=\"25\"><label class=\"wpforms-field-label\" for=\"wpforms-1938-field_25\">Telefonnummer <span class=\"wpforms-required-label\">*<\/span><\/label><input type=\"text\" id=\"wpforms-1938-field_25\" class=\"wpforms-field-large wpforms-field-required\" name=\"wpforms[fields][25]\" required><\/div><div id=\"wpforms-1938-field_16-container\" class=\"wpforms-field wpforms-field-text wpforms-one-half wpforms-first\" data-field-id=\"16\"><label class=\"wpforms-field-label\" for=\"wpforms-1938-field_16\">Name der Schule\/Hochschule <span class=\"wpforms-required-label\">*<\/span><\/label><input type=\"text\" id=\"wpforms-1938-field_16\" class=\"wpforms-field-large wpforms-field-required\" name=\"wpforms[fields][16]\" required><\/div><div id=\"wpforms-1938-field_17-container\" class=\"wpforms-field wpforms-field-text wpforms-one-half\" data-field-id=\"17\"><label class=\"wpforms-field-label\" for=\"wpforms-1938-field_17\">Name des Sch\u00fclers\/Studenten der Schule\/Hochschule <span class=\"wpforms-required-label\">*<\/span><\/label><input type=\"text\" id=\"wpforms-1938-field_17\" class=\"wpforms-field-large wpforms-field-required\" name=\"wpforms[fields][17]\" required><\/div><div id=\"wpforms-1938-field_30-container\" class=\"wpforms-field wpforms-field-file-upload\" data-field-id=\"30\"><label class=\"wpforms-field-label\" for=\"wpforms-1938-field_30\">Dokumente anh\u00e4ngen<\/label><div\n\t\tclass=\"wpforms-uploader\"\n\t\tdata-field-id=\"30\"\n\t\tdata-form-id=\"1938\"\n\t\tdata-input-name=\"wpforms_1938_30\"\n\t\tdata-extensions=\"jpg,jpeg,jpe,gif,png,bmp,tiff,tif,webp,ico,heic,asf,asx,wmv,wmx,wm,avi,divx,mov,qt,mpeg,mpg,mpe,mp4,m4v,ogv,webm,mkv,3gp,3gpp,3g2,3gp2,txt,asc,c,cc,h,srt,csv,tsv,ics,rtx,css,vtt,mp3,m4a,m4b,aac,ra,ram,wav,ogg,oga,flac,mid,midi,wma,wax,mka,rtf,pdf,class,tar,zip,gz,gzip,rar,7z,psd,xcf,doc,pot,pps,ppt,wri,xla,xls,xlt,xlw,mpp,docx,docm,dotx,dotm,xlsx,xlsm,xlsb,xltx,xltm,xlam,pptx,pptm,ppsx,ppsm,potx,potm,ppam,sldx,sldm,onetoc,onetoc2,onepkg,oxps,xps,odt,odp,ods,odg,odc,odb,odf,wp,wpd,key,numbers,pages\"\n\t\tdata-max-size=\"67108864\"\n\t\tdata-max-file-number=\"5\"\n\t\tdata-post-max-size=\"67108864\"\n\t\tdata-max-parallel-uploads=\"4\"\n\t\tdata-parallel-uploads=\"true\"\n\t\tdata-file-chunk-size=\"2097152\">\n\t<div class=\"dz-message\">\n\t\t<svg viewBox=\"0 0 1024 1024\" focusable=\"false\" data-icon=\"inbox\" width=\"50px\" height=\"50px\" fill=\"currentColor\" aria-hidden=\"true\">\n\t\t\t<path d=\"M885.2 446.3l-.2-.8-112.2-285.1c-5-16.1-19.9-27.2-36.8-27.2H281.2c-17 0-32.1 11.3-36.9 27.6L139.4 443l-.3.7-.2.8c-1.3 4.9-1.7 9.9-1 14.8-.1 1.6-.2 3.2-.2 4.8V830a60.9 60.9 0 0 0 60.8 60.8h627.2c33.5 0 60.8-27.3 60.9-60.8V464.1c0-1.3 0-2.6-.1-3.7.4-4.9 0-9.6-1.3-14.1zm-295.8-43l-.3 15.7c-.8 44.9-31.8 75.1-77.1 75.1-22.1 0-41.1-7.1-54.8-20.6S436 441.2 435.6 419l-.3-15.7H229.5L309 210h399.2l81.7 193.3H589.4zm-375 76.8h157.3c24.3 57.1 76 90.8 140.4 90.8 33.7 0 65-9.4 90.3-27.2 22.2-15.6 39.5-37.4 50.7-63.6h156.5V814H214.4V480.1z\"><\/path>\n\t\t<\/svg>\n\t\t<span class=\"modern-title\">Klicke oder ziehe Dateien in diesen Bereich zum Hochladen.<\/span>\n\n\t\t\t\t\t<span class=\"modern-hint\">Du kannst bis zu 5 Dateien hochladen.<\/span>\n\t\t\t<\/div>\n<\/div>\n<input\n\t\ttype=\"text\"\n\t\tautocomplete=\"off\"\n\t\tclass=\"dropzone-input\"\n\t\tstyle=\"position:absolute!important;clip:rect(0,0,0,0)!important;height:1px!important;width:1px!important;border:0!important;overflow:hidden!important;padding:0!important;margin:0!important;\"\n\t\tid=\"wpforms-1938-field_30\"\n\t\tname=\"wpforms_1938_30\" \t\tvalue=\"\">\n<\/div><div id=\"wpforms-1938-field_19-container\" class=\"wpforms-field wpforms-field-checkbox\" data-field-id=\"19\"><label class=\"wpforms-field-label\" for=\"wpforms-1938-field_19\">Erkl\u00e4rung der Zustimmung <span class=\"wpforms-required-label\">*<\/span><\/label><ul id=\"wpforms-1938-field_19\" class=\"wpforms-field-required\"><li class=\"choice-1 depth-1\"><input type=\"checkbox\" id=\"wpforms-1938-field_19_1\" name=\"wpforms[fields][19][]\" value=\"Mit der \u00dcbermittlung meiner Daten erkl\u00e4re ich mich damit einverstanden, dass die Stiftung Ideaalnet und der betreffende Anbieter\/Dienstleister diese Daten (E-Mail-Adresse, Vorname, Name und Adresse) zur Beantwortung meiner Nachricht verwenden.\" required ><label class=\"wpforms-field-label-inline\" for=\"wpforms-1938-field_19_1\">Mit der \u00dcbermittlung meiner Daten erkl\u00e4re ich mich damit einverstanden, dass die Stiftung Ideaalnet und der betreffende Anbieter\/Dienstleister diese Daten (E-Mail-Adresse, Vorname, Name und Adresse) zur Beantwortung meiner Nachricht verwenden.<\/label><\/li><\/ul><\/div><\/div><!-- .wpforms-field-container --><div class=\"wpforms-submit-container\" ><input type=\"hidden\" name=\"wpforms[id]\" value=\"1938\"><input type=\"hidden\" name=\"wpforms[author]\" value=\"1\"><button type=\"submit\" name=\"wpforms[submit]\" id=\"wpforms-submit-1938\" class=\"wpforms-submit\" data-alt-text=\"Senden...\" data-submit-text=\"Senden Sie\" aria-live=\"assertive\" value=\"wpforms-submit\">Senden Sie<\/button><\/div><\/form><\/div>  <!-- .wpforms-container --><\/span><\/span><\/p><p>Bitte geben Sie Ihren Namen, Ihre Auftragsnummer, den Grund und Zweck Ihrer Beschwerde sowie alle f\u00fcr die Behandlung relevanten Dokumente (z. B. Quittungen, Fotos usw., die Sie auch hochladen k\u00f6nnen) an.<\/p><p>Wir werden Ihre Beschwerde so schnell wie m\u00f6glich bearbeiten. Wenn es l\u00e4nger dauert als erwartet, werden wir Sie dar\u00fcber informieren!<\/p><p>Wenn Sie mit dem Ergebnis nicht zufrieden sind, k\u00f6nnen Sie auch die Online-Streitbeilegungsplattform der Europ\u00e4ischen Kommission (ec.europa.eu\/consumers\/odr\/) f\u00fcr Ihre Beschwerde nutzen. Ihre Beschwerde wird dann an den zust\u00e4ndigen B\u00fcrgerbeauftragten weitergeleitet.<\/p>\t\t\t\t\t\t<\/div>\n\t\t\t\t<\/div>\n\t\t\t\t\t<\/div>\n\t\t<\/div>\n\t\t\t\t\t<\/div>\n\t\t<\/section>\n\t\t\t\t\t<\/div>\n\t\t<\/div>\n\t\t\t\t\t<\/div>\n\t\t<\/section>\n\t\t\t\t<\/div>\n\t\t","protected":false},"excerpt":{"rendered":"<p>Beschwerdemanagement Sie waren nicht zufrieden? Hier finden Sie wichtige Informationen \u00fcber die Bearbeitung von Beschwerden. Wir m\u00f6chten, dass Sie zufrieden sind. F\u00fcr den unwahrscheinlichen Fall, dass Sie mit der Bearbeitung Ihrer Beschwerde unzufrieden sind, bitten wir Sie, Ihre Beschwerde mit dem unten stehenden Online-Formular zu verfassen. Wir werden Sie dann so schnell wie m\u00f6glich kontaktieren. [&hellip;]<\/p>\n","protected":false},"author":1,"featured_media":0,"parent":0,"menu_order":0,"comment_status":"closed","ping_status":"closed","template":"","meta":{"site-sidebar-layout":"no-sidebar","site-content-layout":"page-builder","ast-site-content-layout":"default","site-content-style":"default","site-sidebar-style":"default","ast-global-header-display":"","ast-banner-title-visibility":"","ast-main-header-display":"","ast-hfb-above-header-display":"","ast-hfb-below-header-display":"","ast-hfb-mobile-header-display":"","site-post-title":"disabled","ast-breadcrumbs-content":"","ast-featured-img":"disabled","footer-sml-layout":"","ast-disable-related-posts":"","theme-transparent-header-meta":"default","adv-header-id-meta":"","stick-header-meta":"","header-above-stick-meta":"","header-main-stick-meta":"","header-below-stick-meta":"","astra-migrate-meta-layouts":"default","ast-page-background-enabled":"default","ast-page-background-meta":{"desktop":{"background-color":"","background-image":"","background-repeat":"repeat","background-position":"center center","background-size":"auto","background-attachment":"scroll","background-type":"","background-media":"","overlay-type":"","overlay-color":"","overlay-opacity":"","overlay-gradient":""},"tablet":{"background-color":"","background-image":"","background-repeat":"repeat","background-position":"center center","background-size":"auto","background-attachment":"scroll","background-type":"","background-media":"","overlay-type":"","overlay-color":"","overlay-opacity":"","overlay-gradient":""},"mobile":{"background-color":"","background-image":"","background-repeat":"repeat","background-position":"center center","background-size":"auto","background-attachment":"scroll","background-type":"","background-media":"","overlay-type":"","overlay-color":"","overlay-opacity":"","overlay-gradient":""}},"ast-content-background-meta":{"desktop":{"background-color":"var(--ast-global-color-5)","background-image":"","background-repeat":"repeat","background-position":"center center","background-size":"auto","background-attachment":"scroll","background-type":"","background-media":"","overlay-type":"","overlay-color":"","overlay-opacity":"","overlay-gradient":""},"tablet":{"background-color":"var(--ast-global-color-5)","background-image":"","background-repeat":"repeat","background-position":"center center","background-size":"auto","background-attachment":"scroll","background-type":"","background-media":"","overlay-type":"","overlay-color":"","overlay-opacity":"","overlay-gradient":""},"mobile":{"background-color":"var(--ast-global-color-5)","background-image":"","background-repeat":"repeat","background-position":"center center","background-size":"auto","background-attachment":"scroll","background-type":"","background-media":"","overlay-type":"","overlay-color":"","overlay-opacity":"","overlay-gradient":""}}},"yoast_head":"<!-- This site is optimized with the Yoast SEO plugin v21.8.1 - https:\/\/yoast.com\/wordpress\/plugins\/seo\/ -->\n<title>Beschwerdemanagement - Ideaalnet<\/title>\n<meta name=\"robots\" content=\"index, follow, max-snippet:-1, max-image-preview:large, max-video-preview:-1\" \/>\n<link rel=\"canonical\" href=\"https:\/\/my.ideaalnet.org\/de\/beschwerdemanagement\/\" \/>\n<meta property=\"og:locale\" content=\"de_DE\" \/>\n<meta property=\"og:type\" content=\"article\" \/>\n<meta property=\"og:title\" content=\"Beschwerdemanagement - Ideaalnet\" \/>\n<meta property=\"og:description\" content=\"Beschwerdemanagement Sie waren nicht zufrieden? Hier finden Sie wichtige Informationen \u00fcber die Bearbeitung von Beschwerden. Wir m\u00f6chten, dass Sie zufrieden sind. F\u00fcr den unwahrscheinlichen Fall, dass Sie mit der Bearbeitung Ihrer Beschwerde unzufrieden sind, bitten wir Sie, Ihre Beschwerde mit dem unten stehenden Online-Formular zu verfassen. Wir werden Sie dann so schnell wie m\u00f6glich kontaktieren. [&hellip;]\" \/>\n<meta property=\"og:url\" content=\"https:\/\/my.ideaalnet.org\/de\/beschwerdemanagement\/\" \/>\n<meta property=\"og:site_name\" content=\"Ideaalnet\" \/>\n<meta property=\"article:modified_time\" content=\"2023-01-22T16:15:22+00:00\" \/>\n<meta name=\"twitter:card\" content=\"summary_large_image\" \/>\n<meta name=\"twitter:label1\" content=\"Gesch\u00e4tzte Lesezeit\" \/>\n\t<meta name=\"twitter:data1\" content=\"1\u00a0Minute\" \/>\n<script type=\"application\/ld+json\" class=\"yoast-schema-graph\">{\"@context\":\"https:\/\/schema.org\",\"@graph\":[{\"@type\":\"WebPage\",\"@id\":\"https:\/\/my.ideaalnet.org\/de\/beschwerdemanagement\/\",\"url\":\"https:\/\/my.ideaalnet.org\/de\/beschwerdemanagement\/\",\"name\":\"Beschwerdemanagement - Ideaalnet\",\"isPartOf\":{\"@id\":\"https:\/\/my.ideaalnet.org\/de\/#website\"},\"datePublished\":\"2020-08-26T12:07:48+00:00\",\"dateModified\":\"2023-01-22T16:15:22+00:00\",\"breadcrumb\":{\"@id\":\"https:\/\/my.ideaalnet.org\/de\/beschwerdemanagement\/#breadcrumb\"},\"inLanguage\":\"de\",\"potentialAction\":[{\"@type\":\"ReadAction\",\"target\":[\"https:\/\/my.ideaalnet.org\/de\/beschwerdemanagement\/\"]}]},{\"@type\":\"BreadcrumbList\",\"@id\":\"https:\/\/my.ideaalnet.org\/de\/beschwerdemanagement\/#breadcrumb\",\"itemListElement\":[{\"@type\":\"ListItem\",\"position\":1,\"name\":\"Home\",\"item\":\"https:\/\/my.ideaalnet.org\/de\/\"},{\"@type\":\"ListItem\",\"position\":2,\"name\":\"Beschwerdemanagement\"}]},{\"@type\":\"WebSite\",\"@id\":\"https:\/\/my.ideaalnet.org\/de\/#website\",\"url\":\"https:\/\/my.ideaalnet.org\/de\/\",\"name\":\"Ideaalnet\",\"description\":\"Ideaalnet\",\"publisher\":{\"@id\":\"https:\/\/my.ideaalnet.org\/de\/#organization\"},\"potentialAction\":[{\"@type\":\"SearchAction\",\"target\":{\"@type\":\"EntryPoint\",\"urlTemplate\":\"https:\/\/my.ideaalnet.org\/de\/?s={search_term_string}\"},\"query-input\":\"required name=search_term_string\"}],\"inLanguage\":\"de\"},{\"@type\":\"Organization\",\"@id\":\"https:\/\/my.ideaalnet.org\/de\/#organization\",\"name\":\"Ideaalnet\",\"url\":\"https:\/\/my.ideaalnet.org\/de\/\",\"logo\":{\"@type\":\"ImageObject\",\"inLanguage\":\"de\",\"@id\":\"https:\/\/my.ideaalnet.org\/de\/#\/schema\/logo\/image\/\",\"url\":\"https:\/\/my.ideaalnet.org\/wp-content\/uploads\/2023\/04\/cropped-ideaalnet-Familie-School-Admin-Center-logo.png\",\"contentUrl\":\"https:\/\/my.ideaalnet.org\/wp-content\/uploads\/2023\/04\/cropped-ideaalnet-Familie-School-Admin-Center-logo.png\",\"width\":800,\"height\":210,\"caption\":\"Ideaalnet\"},\"image\":{\"@id\":\"https:\/\/my.ideaalnet.org\/de\/#\/schema\/logo\/image\/\"}}]}<\/script>\n<!-- \/ Yoast SEO plugin. -->","yoast_head_json":{"title":"Beschwerdemanagement - Ideaalnet","robots":{"index":"index","follow":"follow","max-snippet":"max-snippet:-1","max-image-preview":"max-image-preview:large","max-video-preview":"max-video-preview:-1"},"canonical":"https:\/\/my.ideaalnet.org\/de\/beschwerdemanagement\/","og_locale":"de_DE","og_type":"article","og_title":"Beschwerdemanagement - Ideaalnet","og_description":"Beschwerdemanagement Sie waren nicht zufrieden? Hier finden Sie wichtige Informationen \u00fcber die Bearbeitung von Beschwerden. Wir m\u00f6chten, dass Sie zufrieden sind. F\u00fcr den unwahrscheinlichen Fall, dass Sie mit der Bearbeitung Ihrer Beschwerde unzufrieden sind, bitten wir Sie, Ihre Beschwerde mit dem unten stehenden Online-Formular zu verfassen. Wir werden Sie dann so schnell wie m\u00f6glich kontaktieren. [&hellip;]","og_url":"https:\/\/my.ideaalnet.org\/de\/beschwerdemanagement\/","og_site_name":"Ideaalnet","article_modified_time":"2023-01-22T16:15:22+00:00","twitter_card":"summary_large_image","twitter_misc":{"Gesch\u00e4tzte Lesezeit":"1\u00a0Minute"},"schema":{"@context":"https:\/\/schema.org","@graph":[{"@type":"WebPage","@id":"https:\/\/my.ideaalnet.org\/de\/beschwerdemanagement\/","url":"https:\/\/my.ideaalnet.org\/de\/beschwerdemanagement\/","name":"Beschwerdemanagement - Ideaalnet","isPartOf":{"@id":"https:\/\/my.ideaalnet.org\/de\/#website"},"datePublished":"2020-08-26T12:07:48+00:00","dateModified":"2023-01-22T16:15:22+00:00","breadcrumb":{"@id":"https:\/\/my.ideaalnet.org\/de\/beschwerdemanagement\/#breadcrumb"},"inLanguage":"de","potentialAction":[{"@type":"ReadAction","target":["https:\/\/my.ideaalnet.org\/de\/beschwerdemanagement\/"]}]},{"@type":"BreadcrumbList","@id":"https:\/\/my.ideaalnet.org\/de\/beschwerdemanagement\/#breadcrumb","itemListElement":[{"@type":"ListItem","position":1,"name":"Home","item":"https:\/\/my.ideaalnet.org\/de\/"},{"@type":"ListItem","position":2,"name":"Beschwerdemanagement"}]},{"@type":"WebSite","@id":"https:\/\/my.ideaalnet.org\/de\/#website","url":"https:\/\/my.ideaalnet.org\/de\/","name":"Ideaalnet","description":"Ideaalnet","publisher":{"@id":"https:\/\/my.ideaalnet.org\/de\/#organization"},"potentialAction":[{"@type":"SearchAction","target":{"@type":"EntryPoint","urlTemplate":"https:\/\/my.ideaalnet.org\/de\/?s={search_term_string}"},"query-input":"required name=search_term_string"}],"inLanguage":"de"},{"@type":"Organization","@id":"https:\/\/my.ideaalnet.org\/de\/#organization","name":"Ideaalnet","url":"https:\/\/my.ideaalnet.org\/de\/","logo":{"@type":"ImageObject","inLanguage":"de","@id":"https:\/\/my.ideaalnet.org\/de\/#\/schema\/logo\/image\/","url":"https:\/\/my.ideaalnet.org\/wp-content\/uploads\/2023\/04\/cropped-ideaalnet-Familie-School-Admin-Center-logo.png","contentUrl":"https:\/\/my.ideaalnet.org\/wp-content\/uploads\/2023\/04\/cropped-ideaalnet-Familie-School-Admin-Center-logo.png","width":800,"height":210,"caption":"Ideaalnet"},"image":{"@id":"https:\/\/my.ideaalnet.org\/de\/#\/schema\/logo\/image\/"}}]}},"_links":{"self":[{"href":"https:\/\/my.ideaalnet.org\/de\/wp-json\/wp\/v2\/pages\/936"}],"collection":[{"href":"https:\/\/my.ideaalnet.org\/de\/wp-json\/wp\/v2\/pages"}],"about":[{"href":"https:\/\/my.ideaalnet.org\/de\/wp-json\/wp\/v2\/types\/page"}],"author":[{"embeddable":true,"href":"https:\/\/my.ideaalnet.org\/de\/wp-json\/wp\/v2\/users\/1"}],"replies":[{"embeddable":true,"href":"https:\/\/my.ideaalnet.org\/de\/wp-json\/wp\/v2\/comments?post=936"}],"version-history":[{"count":18,"href":"https:\/\/my.ideaalnet.org\/de\/wp-json\/wp\/v2\/pages\/936\/revisions"}],"predecessor-version":[{"id":4809,"href":"https:\/\/my.ideaalnet.org\/de\/wp-json\/wp\/v2\/pages\/936\/revisions\/4809"}],"wp:attachment":[{"href":"https:\/\/my.ideaalnet.org\/de\/wp-json\/wp\/v2\/media?parent=936"}],"curies":[{"name":"wp","href":"https:\/\/api.w.org\/{rel}","templated":true}]}}