{"id":955,"date":"2020-08-26T12:13:35","date_gmt":"2020-08-26T12:13:35","guid":{"rendered":"https:\/\/my.ideaalnet.org\/?page_id=955"},"modified":"2020-08-26T12:14:29","modified_gmt":"2020-08-26T12:14:29","slug":"haftungsausschluss","status":"publish","type":"page","link":"https:\/\/my.ideaalnet.org\/de\/haftungsausschluss\/","title":{"rendered":"Haftungsausschluss"},"content":{"rendered":"\t\t<div data-elementor-type=\"wp-page\" data-elementor-id=\"955\" class=\"elementor elementor-955 elementor-900\">\n\t\t\t\t\t\t<section class=\"elementor-section elementor-top-section elementor-element elementor-element-6a2b483a elementor-section-boxed elementor-section-height-default elementor-section-height-default\" data-id=\"6a2b483a\" data-element_type=\"section\" id=\"home\" data-settings=\"{&quot;background_background&quot;:&quot;classic&quot;}\">\n\t\t\t\t\t\t<div class=\"elementor-container elementor-column-gap-default\">\n\t\t\t\t\t<div class=\"elementor-column elementor-col-100 elementor-top-column elementor-element elementor-element-5662cda\" data-id=\"5662cda\" data-element_type=\"column\">\n\t\t\t<div class=\"elementor-widget-wrap elementor-element-populated\">\n\t\t\t\t\t\t<div class=\"elementor-element elementor-element-5d6f9e28 elementor-widget-divider--view-line elementor-widget elementor-widget-divider\" data-id=\"5d6f9e28\" data-element_type=\"widget\" data-widget_type=\"divider.default\">\n\t\t\t\t<div class=\"elementor-widget-container\">\n\t\t\t\t\t<div class=\"elementor-divider\">\n\t\t\t<span class=\"elementor-divider-separator\">\n\t\t\t\t\t\t<\/span>\n\t\t<\/div>\n\t\t\t\t<\/div>\n\t\t\t\t<\/div>\n\t\t\t\t<div class=\"elementor-element elementor-element-64ee5193 elementor-widget elementor-widget-heading\" data-id=\"64ee5193\" data-element_type=\"widget\" data-widget_type=\"heading.default\">\n\t\t\t\t<div class=\"elementor-widget-container\">\n\t\t\t<h3 class=\"elementor-heading-title elementor-size-default\">Haftungsausschluss<\/h3>\t\t<\/div>\n\t\t\t\t<\/div>\n\t\t\t\t\t<\/div>\n\t\t<\/div>\n\t\t\t\t\t<\/div>\n\t\t<\/section>\n\t\t\t\t<section class=\"elementor-section elementor-top-section elementor-element elementor-element-5bb9b268 elementor-section-content-middle elementor-section-boxed elementor-section-height-default elementor-section-height-default\" data-id=\"5bb9b268\" data-element_type=\"section\">\n\t\t\t\t\t\t<div class=\"elementor-container elementor-column-gap-no\">\n\t\t\t\t\t<div class=\"elementor-column elementor-col-100 elementor-top-column elementor-element elementor-element-72677549\" data-id=\"72677549\" data-element_type=\"column\">\n\t\t\t<div class=\"elementor-widget-wrap elementor-element-populated\">\n\t\t\t\t\t\t<section class=\"elementor-section elementor-inner-section elementor-element elementor-element-9822257 elementor-section-boxed elementor-section-height-default elementor-section-height-default\" data-id=\"9822257\" data-element_type=\"section\">\n\t\t\t\t\t\t<div class=\"elementor-container elementor-column-gap-default\">\n\t\t\t\t\t<div class=\"elementor-column elementor-col-100 elementor-inner-column elementor-element elementor-element-be08774\" data-id=\"be08774\" data-element_type=\"column\">\n\t\t\t<div class=\"elementor-widget-wrap elementor-element-populated\">\n\t\t\t\t\t\t<div class=\"elementor-element elementor-element-43f922f elementor-widget elementor-widget-text-editor\" data-id=\"43f922f\" data-element_type=\"widget\" data-widget_type=\"text-editor.default\">\n\t\t\t\t<div class=\"elementor-widget-container\">\n\t\t\t\t\t\t\t<p style=\"color: #201f1e; font-family: 'Segoe UI', 'Segoe UI Web (West European)', 'Segoe UI', -apple-system, BlinkMacSystemFont, Roboto, 'Helvetica Neue', sans-serif; font-size: 15px; font-style: normal; font-weight: 400; margin-bottom: 8.25pt; line-height: 21pt;\"><span style=\"font-variant: inherit; font-stretch: inherit; font-size: 10.5pt; line-height: inherit; font-family: Helvetica, sans-serif; color: black;\">Stiftung Ideaalnet<\/span><span style=\"font-variant: inherit; font-stretch: inherit; font-size: 10.5pt; line-height: inherit; font-family: Helvetica, sans-serif; color: #141412;\">\u00a0bem\u00fcht sich im Rahmen des Zumutbaren, auf dieser Website richtige und vollst\u00e4ndige Informationen zur Verf\u00fcgung zu stellen.\u00a0<\/span><span style=\"font-variant: inherit; font-stretch: inherit; font-size: 10.5pt; line-height: inherit; font-family: Helvetica, sans-serif; color: black;\">Stiftung Ideaalnet<\/span><span style=\"font-variant: inherit; font-stretch: inherit; font-size: 10.5pt; line-height: inherit; font-family: Helvetica, sans-serif; color: #141412;\">\u00a0\u00fcbernimmt jedoch keine Gew\u00e4hr f\u00fcr die Aktualit\u00e4t, Richtigkeit und Vollst\u00e4ndigkeit der auf dieser Website bereitgestellten Informationen.<\/span><\/p><p style=\"color: #201f1e; font-family: 'Segoe UI', 'Segoe UI Web (West European)', 'Segoe UI', -apple-system, BlinkMacSystemFont, Roboto, 'Helvetica Neue', sans-serif; font-size: 15px; font-style: normal; font-weight: 400; margin-bottom: 8.25pt; line-height: 21pt;\"><span style=\"font-variant: inherit; font-stretch: inherit; font-size: 10.5pt; line-height: inherit; font-family: Helvetica, sans-serif; color: #141412;\">Gleiches gilt auch f\u00fcr die Inhalte externer Websites, auf die diese Seite \u00fcber Hyperlinks direkt oder indirekt verweist und auf die\u00a0<\/span><span style=\"font-variant: inherit; font-stretch: inherit; font-size: 10.5pt; line-height: inherit; font-family: Helvetica, sans-serif; color: black;\">Stiftung Ideaalnet<\/span><span style=\"font-variant: inherit; font-stretch: inherit; font-size: 10.5pt; line-height: inherit; font-family: Helvetica, sans-serif; color: #141412;\">\u00a0keinen Einfluss hat. Deshalb distanzieren wir uns hiermit ausdr\u00fccklich von allen Inhalten dieser Seiten. Diese Erkl\u00e4rung gilt f\u00fcr alle auf unseren Seiten enthaltenen Links zu externen Seiten und alle Inhalte dieser Seiten, zu denen diese Links f\u00fchren.<\/span><\/p><p style=\"color: #201f1e; font-family: 'Segoe UI', 'Segoe UI Web (West European)', 'Segoe UI', -apple-system, BlinkMacSystemFont, Roboto, 'Helvetica Neue', sans-serif; font-size: 15px; font-style: normal; font-weight: 400; margin-bottom: 8.25pt; line-height: 21pt;\"><span style=\"font-variant: inherit; font-stretch: inherit; font-size: 10.5pt; line-height: inherit; font-family: Helvetica, sans-serif; color: black;\">Stiftung Ideaalnet<\/span><span style=\"font-variant: inherit; font-stretch: inherit; font-size: 10.5pt; line-height: inherit; font-family: Helvetica, sans-serif; color: #141412;\">\u00a0beh\u00e4lt sich das Recht vor, ohne vorherige Ank\u00fcndigung \u00c4nderungen oder Erg\u00e4nzungen in der bereitgestellten Information vorzunehmen. Der Inhalt dieser Website ist urheberrechtlich gesch\u00fctzt. Die Vervielf\u00e4ltigung oder Verbreitung der hier bereitgestellten Texte und Bilder bedarf der vorherigen schriftlichen Genehmigung durch\u00a0<\/span><span style=\"font-variant: inherit; font-stretch: inherit; font-size: 10.5pt; line-height: inherit; font-family: Helvetica, sans-serif; color: black;\">Stiftung Ideaalnet<\/span><span style=\"font-variant: inherit; font-stretch: inherit; font-size: 10.5pt; line-height: inherit; font-family: Helvetica, sans-serif; color: #141412;\">.<\/span><\/p>\t\t\t\t\t\t<\/div>\n\t\t\t\t<\/div>\n\t\t\t\t\t<\/div>\n\t\t<\/div>\n\t\t\t\t\t<\/div>\n\t\t<\/section>\n\t\t\t\t\t<\/div>\n\t\t<\/div>\n\t\t\t\t\t<\/div>\n\t\t<\/section>\n\t\t\t\t<\/div>\n\t\t","protected":false},"excerpt":{"rendered":"<p>Haftungsausschluss Stiftung Ideaalnet\u00a0bem\u00fcht sich im Rahmen des Zumutbaren, auf dieser Website richtige und vollst\u00e4ndige Informationen zur Verf\u00fcgung zu stellen.\u00a0Stiftung Ideaalnet\u00a0\u00fcbernimmt jedoch keine Gew\u00e4hr f\u00fcr die Aktualit\u00e4t, Richtigkeit und Vollst\u00e4ndigkeit der auf dieser Website bereitgestellten Informationen. Gleiches gilt auch f\u00fcr die Inhalte externer Websites, auf die diese Seite \u00fcber Hyperlinks direkt oder indirekt verweist und auf [&hellip;]<\/p>\n","protected":false},"author":1,"featured_media":0,"parent":0,"menu_order":0,"comment_status":"closed","ping_status":"closed","template":"","meta":{"site-sidebar-layout":"no-sidebar","site-content-layout":"page-builder","ast-site-content-layout":"default","site-content-style":"default","site-sidebar-style":"default","ast-global-header-display":"","ast-banner-title-visibility":"","ast-main-header-display":"","ast-hfb-above-header-display":"","ast-hfb-below-header-display":"","ast-hfb-mobile-header-display":"","site-post-title":"disabled","ast-breadcrumbs-content":"","ast-featured-img":"disabled","footer-sml-layout":"","ast-disable-related-posts":"","theme-transparent-header-meta":"default","adv-header-id-meta":"","stick-header-meta":"","header-above-stick-meta":"","header-main-stick-meta":"","header-below-stick-meta":"","astra-migrate-meta-layouts":"default","ast-page-background-enabled":"default","ast-page-background-meta":{"desktop":{"background-color":"","background-image":"","background-repeat":"repeat","background-position":"center center","background-size":"auto","background-attachment":"scroll","background-type":"","background-media":"","overlay-type":"","overlay-color":"","overlay-opacity":"","overlay-gradient":""},"tablet":{"background-color":"","background-image":"","background-repeat":"repeat","background-position":"center center","background-size":"auto","background-attachment":"scroll","background-type":"","background-media":"","overlay-type":"","overlay-color":"","overlay-opacity":"","overlay-gradient":""},"mobile":{"background-color":"","background-image":"","background-repeat":"repeat","background-position":"center center","background-size":"auto","background-attachment":"scroll","background-type":"","background-media":"","overlay-type":"","overlay-color":"","overlay-opacity":"","overlay-gradient":""}},"ast-content-background-meta":{"desktop":{"background-color":"var(--ast-global-color-5)","background-image":"","background-repeat":"repeat","background-position":"center center","background-size":"auto","background-attachment":"scroll","background-type":"","background-media":"","overlay-type":"","overlay-color":"","overlay-opacity":"","overlay-gradient":""},"tablet":{"background-color":"var(--ast-global-color-5)","background-image":"","background-repeat":"repeat","background-position":"center center","background-size":"auto","background-attachment":"scroll","background-type":"","background-media":"","overlay-type":"","overlay-color":"","overlay-opacity":"","overlay-gradient":""},"mobile":{"background-color":"var(--ast-global-color-5)","background-image":"","background-repeat":"repeat","background-position":"center center","background-size":"auto","background-attachment":"scroll","background-type":"","background-media":"","overlay-type":"","overlay-color":"","overlay-opacity":"","overlay-gradient":""}}},"yoast_head":"<!-- This site is optimized with the Yoast SEO plugin v21.8.1 - https:\/\/yoast.com\/wordpress\/plugins\/seo\/ -->\n<title>Haftungsausschluss - Ideaalnet<\/title>\n<meta name=\"robots\" content=\"index, follow, max-snippet:-1, max-image-preview:large, max-video-preview:-1\" \/>\n<link rel=\"canonical\" href=\"https:\/\/my.ideaalnet.org\/de\/haftungsausschluss\/\" \/>\n<meta property=\"og:locale\" content=\"de_DE\" \/>\n<meta property=\"og:type\" content=\"article\" \/>\n<meta property=\"og:title\" content=\"Haftungsausschluss - Ideaalnet\" \/>\n<meta property=\"og:description\" content=\"Haftungsausschluss Stiftung Ideaalnet\u00a0bem\u00fcht sich im Rahmen des Zumutbaren, auf dieser Website richtige und vollst\u00e4ndige Informationen zur Verf\u00fcgung zu stellen.\u00a0Stiftung Ideaalnet\u00a0\u00fcbernimmt jedoch keine Gew\u00e4hr f\u00fcr die Aktualit\u00e4t, Richtigkeit und Vollst\u00e4ndigkeit der auf dieser Website bereitgestellten Informationen. Gleiches gilt auch f\u00fcr die Inhalte externer Websites, auf die diese Seite \u00fcber Hyperlinks direkt oder indirekt verweist und auf [&hellip;]\" \/>\n<meta property=\"og:url\" content=\"https:\/\/my.ideaalnet.org\/de\/haftungsausschluss\/\" \/>\n<meta property=\"og:site_name\" content=\"Ideaalnet\" \/>\n<meta property=\"article:modified_time\" content=\"2020-08-26T12:14:29+00:00\" \/>\n<meta name=\"twitter:card\" content=\"summary_large_image\" \/>\n<meta name=\"twitter:label1\" content=\"Gesch\u00e4tzte Lesezeit\" \/>\n\t<meta name=\"twitter:data1\" content=\"1\u00a0Minute\" \/>\n<script type=\"application\/ld+json\" class=\"yoast-schema-graph\">{\"@context\":\"https:\/\/schema.org\",\"@graph\":[{\"@type\":\"WebPage\",\"@id\":\"https:\/\/my.ideaalnet.org\/de\/haftungsausschluss\/\",\"url\":\"https:\/\/my.ideaalnet.org\/de\/haftungsausschluss\/\",\"name\":\"Haftungsausschluss - Ideaalnet\",\"isPartOf\":{\"@id\":\"https:\/\/my.ideaalnet.org\/de\/#website\"},\"datePublished\":\"2020-08-26T12:13:35+00:00\",\"dateModified\":\"2020-08-26T12:14:29+00:00\",\"breadcrumb\":{\"@id\":\"https:\/\/my.ideaalnet.org\/de\/haftungsausschluss\/#breadcrumb\"},\"inLanguage\":\"de\",\"potentialAction\":[{\"@type\":\"ReadAction\",\"target\":[\"https:\/\/my.ideaalnet.org\/de\/haftungsausschluss\/\"]}]},{\"@type\":\"BreadcrumbList\",\"@id\":\"https:\/\/my.ideaalnet.org\/de\/haftungsausschluss\/#breadcrumb\",\"itemListElement\":[{\"@type\":\"ListItem\",\"position\":1,\"name\":\"Home\",\"item\":\"https:\/\/my.ideaalnet.org\/de\/\"},{\"@type\":\"ListItem\",\"position\":2,\"name\":\"Haftungsausschluss\"}]},{\"@type\":\"WebSite\",\"@id\":\"https:\/\/my.ideaalnet.org\/de\/#website\",\"url\":\"https:\/\/my.ideaalnet.org\/de\/\",\"name\":\"Ideaalnet\",\"description\":\"Ideaalnet\",\"publisher\":{\"@id\":\"https:\/\/my.ideaalnet.org\/de\/#organization\"},\"potentialAction\":[{\"@type\":\"SearchAction\",\"target\":{\"@type\":\"EntryPoint\",\"urlTemplate\":\"https:\/\/my.ideaalnet.org\/de\/?s={search_term_string}\"},\"query-input\":\"required name=search_term_string\"}],\"inLanguage\":\"de\"},{\"@type\":\"Organization\",\"@id\":\"https:\/\/my.ideaalnet.org\/de\/#organization\",\"name\":\"Ideaalnet\",\"url\":\"https:\/\/my.ideaalnet.org\/de\/\",\"logo\":{\"@type\":\"ImageObject\",\"inLanguage\":\"de\",\"@id\":\"https:\/\/my.ideaalnet.org\/de\/#\/schema\/logo\/image\/\",\"url\":\"https:\/\/my.ideaalnet.org\/wp-content\/uploads\/2023\/04\/cropped-ideaalnet-Familie-School-Admin-Center-logo.png\",\"contentUrl\":\"https:\/\/my.ideaalnet.org\/wp-content\/uploads\/2023\/04\/cropped-ideaalnet-Familie-School-Admin-Center-logo.png\",\"width\":800,\"height\":210,\"caption\":\"Ideaalnet\"},\"image\":{\"@id\":\"https:\/\/my.ideaalnet.org\/de\/#\/schema\/logo\/image\/\"}}]}<\/script>\n<!-- \/ Yoast SEO plugin. -->","yoast_head_json":{"title":"Haftungsausschluss - Ideaalnet","robots":{"index":"index","follow":"follow","max-snippet":"max-snippet:-1","max-image-preview":"max-image-preview:large","max-video-preview":"max-video-preview:-1"},"canonical":"https:\/\/my.ideaalnet.org\/de\/haftungsausschluss\/","og_locale":"de_DE","og_type":"article","og_title":"Haftungsausschluss - Ideaalnet","og_description":"Haftungsausschluss Stiftung Ideaalnet\u00a0bem\u00fcht sich im Rahmen des Zumutbaren, auf dieser Website richtige und vollst\u00e4ndige Informationen zur Verf\u00fcgung zu stellen.\u00a0Stiftung Ideaalnet\u00a0\u00fcbernimmt jedoch keine Gew\u00e4hr f\u00fcr die Aktualit\u00e4t, Richtigkeit und Vollst\u00e4ndigkeit der auf dieser Website bereitgestellten Informationen. Gleiches gilt auch f\u00fcr die Inhalte externer Websites, auf die diese Seite \u00fcber Hyperlinks direkt oder indirekt verweist und auf [&hellip;]","og_url":"https:\/\/my.ideaalnet.org\/de\/haftungsausschluss\/","og_site_name":"Ideaalnet","article_modified_time":"2020-08-26T12:14:29+00:00","twitter_card":"summary_large_image","twitter_misc":{"Gesch\u00e4tzte Lesezeit":"1\u00a0Minute"},"schema":{"@context":"https:\/\/schema.org","@graph":[{"@type":"WebPage","@id":"https:\/\/my.ideaalnet.org\/de\/haftungsausschluss\/","url":"https:\/\/my.ideaalnet.org\/de\/haftungsausschluss\/","name":"Haftungsausschluss - Ideaalnet","isPartOf":{"@id":"https:\/\/my.ideaalnet.org\/de\/#website"},"datePublished":"2020-08-26T12:13:35+00:00","dateModified":"2020-08-26T12:14:29+00:00","breadcrumb":{"@id":"https:\/\/my.ideaalnet.org\/de\/haftungsausschluss\/#breadcrumb"},"inLanguage":"de","potentialAction":[{"@type":"ReadAction","target":["https:\/\/my.ideaalnet.org\/de\/haftungsausschluss\/"]}]},{"@type":"BreadcrumbList","@id":"https:\/\/my.ideaalnet.org\/de\/haftungsausschluss\/#breadcrumb","itemListElement":[{"@type":"ListItem","position":1,"name":"Home","item":"https:\/\/my.ideaalnet.org\/de\/"},{"@type":"ListItem","position":2,"name":"Haftungsausschluss"}]},{"@type":"WebSite","@id":"https:\/\/my.ideaalnet.org\/de\/#website","url":"https:\/\/my.ideaalnet.org\/de\/","name":"Ideaalnet","description":"Ideaalnet","publisher":{"@id":"https:\/\/my.ideaalnet.org\/de\/#organization"},"potentialAction":[{"@type":"SearchAction","target":{"@type":"EntryPoint","urlTemplate":"https:\/\/my.ideaalnet.org\/de\/?s={search_term_string}"},"query-input":"required name=search_term_string"}],"inLanguage":"de"},{"@type":"Organization","@id":"https:\/\/my.ideaalnet.org\/de\/#organization","name":"Ideaalnet","url":"https:\/\/my.ideaalnet.org\/de\/","logo":{"@type":"ImageObject","inLanguage":"de","@id":"https:\/\/my.ideaalnet.org\/de\/#\/schema\/logo\/image\/","url":"https:\/\/my.ideaalnet.org\/wp-content\/uploads\/2023\/04\/cropped-ideaalnet-Familie-School-Admin-Center-logo.png","contentUrl":"https:\/\/my.ideaalnet.org\/wp-content\/uploads\/2023\/04\/cropped-ideaalnet-Familie-School-Admin-Center-logo.png","width":800,"height":210,"caption":"Ideaalnet"},"image":{"@id":"https:\/\/my.ideaalnet.org\/de\/#\/schema\/logo\/image\/"}}]}},"_links":{"self":[{"href":"https:\/\/my.ideaalnet.org\/de\/wp-json\/wp\/v2\/pages\/955"}],"collection":[{"href":"https:\/\/my.ideaalnet.org\/de\/wp-json\/wp\/v2\/pages"}],"about":[{"href":"https:\/\/my.ideaalnet.org\/de\/wp-json\/wp\/v2\/types\/page"}],"author":[{"embeddable":true,"href":"https:\/\/my.ideaalnet.org\/de\/wp-json\/wp\/v2\/users\/1"}],"replies":[{"embeddable":true,"href":"https:\/\/my.ideaalnet.org\/de\/wp-json\/wp\/v2\/comments?post=955"}],"version-history":[{"count":5,"href":"https:\/\/my.ideaalnet.org\/de\/wp-json\/wp\/v2\/pages\/955\/revisions"}],"predecessor-version":[{"id":2050,"href":"https:\/\/my.ideaalnet.org\/de\/wp-json\/wp\/v2\/pages\/955\/revisions\/2050"}],"wp:attachment":[{"href":"https:\/\/my.ideaalnet.org\/de\/wp-json\/wp\/v2\/media?parent=955"}],"curies":[{"name":"wp","href":"https:\/\/api.w.org\/{rel}","templated":true}]}}