{"id":1230,"date":"2020-08-26T11:38:24","date_gmt":"2020-08-26T11:38:24","guid":{"rendered":"https:\/\/my.ideaalnet.org\/complaints\/"},"modified":"2022-01-19T11:28:25","modified_gmt":"2022-01-19T11:28:25","slug":"plaintes","status":"publish","type":"page","link":"https:\/\/my.ideaalnet.org\/fr\/plaintes\/","title":{"rendered":"Plaintes"},"content":{"rendered":"\t\t<div data-elementor-type=\"wp-page\" data-elementor-id=\"1230\" class=\"elementor elementor-1230 elementor-904\">\n\t\t\t\t\t\t<section class=\"elementor-section elementor-top-section elementor-element elementor-element-6a2b483a elementor-section-boxed elementor-section-height-default elementor-section-height-default\" data-id=\"6a2b483a\" data-element_type=\"section\" id=\"home\" data-settings=\"{&quot;background_background&quot;:&quot;classic&quot;}\">\n\t\t\t\t\t\t<div class=\"elementor-container elementor-column-gap-default\">\n\t\t\t\t\t<div class=\"elementor-column elementor-col-100 elementor-top-column elementor-element elementor-element-5662cda\" data-id=\"5662cda\" data-element_type=\"column\">\n\t\t\t<div class=\"elementor-widget-wrap elementor-element-populated\">\n\t\t\t\t\t\t<div class=\"elementor-element elementor-element-5d6f9e28 elementor-widget-divider--view-line elementor-widget elementor-widget-divider\" data-id=\"5d6f9e28\" data-element_type=\"widget\" data-widget_type=\"divider.default\">\n\t\t\t\t<div class=\"elementor-widget-container\">\n\t\t\t\t\t<div class=\"elementor-divider\">\n\t\t\t<span class=\"elementor-divider-separator\">\n\t\t\t\t\t\t<\/span>\n\t\t<\/div>\n\t\t\t\t<\/div>\n\t\t\t\t<\/div>\n\t\t\t\t<div class=\"elementor-element elementor-element-64ee5193 elementor-widget elementor-widget-heading\" data-id=\"64ee5193\" data-element_type=\"widget\" data-widget_type=\"heading.default\">\n\t\t\t\t<div class=\"elementor-widget-container\">\n\t\t\t<h3 class=\"elementor-heading-title elementor-size-default\">Gestion des Plaintes<\/h3>\t\t<\/div>\n\t\t\t\t<\/div>\n\t\t\t\t\t<\/div>\n\t\t<\/div>\n\t\t\t\t\t<\/div>\n\t\t<\/section>\n\t\t\t\t<section class=\"elementor-section elementor-top-section elementor-element elementor-element-5bb9b268 elementor-section-content-middle elementor-section-boxed elementor-section-height-default elementor-section-height-default\" data-id=\"5bb9b268\" data-element_type=\"section\">\n\t\t\t\t\t\t<div class=\"elementor-container elementor-column-gap-no\">\n\t\t\t\t\t<div class=\"elementor-column elementor-col-100 elementor-top-column elementor-element elementor-element-72677549\" data-id=\"72677549\" data-element_type=\"column\">\n\t\t\t<div class=\"elementor-widget-wrap elementor-element-populated\">\n\t\t\t\t\t\t<section class=\"elementor-section elementor-inner-section elementor-element elementor-element-9822257 elementor-section-boxed elementor-section-height-default elementor-section-height-default\" data-id=\"9822257\" data-element_type=\"section\">\n\t\t\t\t\t\t<div class=\"elementor-container elementor-column-gap-default\">\n\t\t\t\t\t<div class=\"elementor-column elementor-col-100 elementor-inner-column elementor-element elementor-element-be08774\" data-id=\"be08774\" data-element_type=\"column\">\n\t\t\t<div class=\"elementor-widget-wrap elementor-element-populated\">\n\t\t\t\t\t\t<div class=\"elementor-element elementor-element-43f922f elementor-widget elementor-widget-text-editor\" data-id=\"43f922f\" data-element_type=\"widget\" data-widget_type=\"text-editor.default\">\n\t\t\t\t<div class=\"elementor-widget-container\">\n\t\t\t\t\t\t\t<h2>Vous n&rsquo;\u00eates pas satisfait?<\/h2><p>Traitement des plaintes. Vous \u00eates important pour nous. Vous n&rsquo;\u00eates pas satisfait de la r\u00e9solution de votre plainte ? Ensuite, faites-nous part de votre avis en utilisant ce formulaire en ligne. Nous vous contacterons alors dans les meilleurs d\u00e9lais.<\/p><div class=\"wpforms-container \" id=\"wpforms-1942\"><form id=\"wpforms-form-1942\" class=\"wpforms-validate wpforms-form\" data-formid=\"1942\" method=\"post\" enctype=\"multipart\/form-data\" action=\"\/fr\/wp-json\/wp\/v2\/pages\/1230?wpforms_form_id=1942\" data-token=\"4141dacc8b0c38d69b5d9056d0bc3c27\"><noscript class=\"wpforms-error-noscript\">Veuillez activer JavaScript dans votre navigateur pour remplir ce formulaire.<\/noscript><div class=\"wpforms-field-container\"><div id=\"wpforms-1942-field_5-container\" class=\"wpforms-field wpforms-field-radio\" data-field-id=\"5\"><label class=\"wpforms-field-label\" for=\"wpforms-1942-field_5\">S\u00e9lectionnez un sujet <span class=\"wpforms-required-label\">*<\/span><\/label><ul id=\"wpforms-1942-field_5\" class=\"wpforms-field-required\"><li class=\"choice-3 depth-1 wpforms-selected\"><input type=\"radio\" id=\"wpforms-1942-field_5_3\" name=\"wpforms[fields][5]\" value=\"Plainte\" required  checked='checked'><label class=\"wpforms-field-label-inline\" for=\"wpforms-1942-field_5_3\">Plainte<\/label><\/li><\/ul><\/div><div id=\"wpforms-1942-field_6-container\" class=\"wpforms-field wpforms-field-radio\" data-field-id=\"6\"><label class=\"wpforms-field-label\" for=\"wpforms-1942-field_6\">S\u00e9lectionnez votre salutation <span class=\"wpforms-required-label\">*<\/span><\/label><ul id=\"wpforms-1942-field_6\" class=\"wpforms-field-required\"><li class=\"choice-1 depth-1\"><input type=\"radio\" id=\"wpforms-1942-field_6_1\" name=\"wpforms[fields][6]\" value=\"Mr.\" required ><label class=\"wpforms-field-label-inline\" for=\"wpforms-1942-field_6_1\">Mr.<\/label><\/li><li class=\"choice-2 depth-1\"><input type=\"radio\" id=\"wpforms-1942-field_6_2\" name=\"wpforms[fields][6]\" value=\"Mme.\" required ><label class=\"wpforms-field-label-inline\" for=\"wpforms-1942-field_6_2\">Mme.<\/label><\/li><\/ul><\/div><div id=\"wpforms-1942-field_18-container\" class=\"wpforms-field wpforms-field-textarea\" data-field-id=\"18\"><label class=\"wpforms-field-label\" for=\"wpforms-1942-field_18\">Message<\/label><textarea id=\"wpforms-1942-field_18\" class=\"wpforms-field-medium\" name=\"wpforms[fields][18]\" ><\/textarea><\/div><div id=\"wpforms-1942-field_23-container\" class=\"wpforms-field wpforms-field-text\" data-field-id=\"23\"><label class=\"wpforms-field-label\" for=\"wpforms-1942-field_23\">Num\u00e9ro de commande (Avez-vous un num\u00e9ro de commande correspondant ? Si c&#039;est le cas, veuillez l&#039;indiquer ici)<\/label><input type=\"text\" id=\"wpforms-1942-field_23\" class=\"wpforms-field-large\" name=\"wpforms[fields][23]\" ><\/div><div id=\"wpforms-1942-field_11-container\" class=\"wpforms-field wpforms-field-text wpforms-one-half wpforms-first\" data-field-id=\"11\"><label class=\"wpforms-field-label\" for=\"wpforms-1942-field_11\">Nom de famille <span class=\"wpforms-required-label\">*<\/span><\/label><input type=\"text\" id=\"wpforms-1942-field_11\" class=\"wpforms-field-large wpforms-field-required\" name=\"wpforms[fields][11]\" required><\/div><div id=\"wpforms-1942-field_12-container\" class=\"wpforms-field wpforms-field-text wpforms-one-half\" data-field-id=\"12\"><label class=\"wpforms-field-label\" for=\"wpforms-1942-field_12\">Pr\u00e9nom <span class=\"wpforms-required-label\">*<\/span><\/label><input type=\"text\" id=\"wpforms-1942-field_12\" class=\"wpforms-field-large wpforms-field-required\" name=\"wpforms[fields][12]\" required><\/div><div id=\"wpforms-1942-field_9-container\" class=\"wpforms-field wpforms-field-text wpforms-one-half wpforms-first\" data-field-id=\"9\"><label class=\"wpforms-field-label\" for=\"wpforms-1942-field_9\">Rue <span class=\"wpforms-required-label\">*<\/span><\/label><input type=\"text\" id=\"wpforms-1942-field_9\" class=\"wpforms-field-large wpforms-field-required\" name=\"wpforms[fields][9]\" required><\/div><div id=\"wpforms-1942-field_10-container\" class=\"wpforms-field wpforms-field-text wpforms-one-half\" data-field-id=\"10\"><label class=\"wpforms-field-label\" for=\"wpforms-1942-field_10\">Num\u00e9ro de maison <span class=\"wpforms-required-label\">*<\/span><\/label><input type=\"text\" id=\"wpforms-1942-field_10\" class=\"wpforms-field-large wpforms-field-required\" name=\"wpforms[fields][10]\" required><\/div><div id=\"wpforms-1942-field_13-container\" class=\"wpforms-field wpforms-field-text wpforms-one-half wpforms-first\" data-field-id=\"13\"><label class=\"wpforms-field-label\" for=\"wpforms-1942-field_13\">Code postal <span class=\"wpforms-required-label\">*<\/span><\/label><input type=\"text\" id=\"wpforms-1942-field_13\" class=\"wpforms-field-large wpforms-field-required\" name=\"wpforms[fields][13]\" required><\/div><div id=\"wpforms-1942-field_14-container\" class=\"wpforms-field wpforms-field-text wpforms-one-half\" data-field-id=\"14\"><label class=\"wpforms-field-label\" for=\"wpforms-1942-field_14\">Ville <span class=\"wpforms-required-label\">*<\/span><\/label><input type=\"text\" id=\"wpforms-1942-field_14\" class=\"wpforms-field-large wpforms-field-required\" name=\"wpforms[fields][14]\" required><\/div><div id=\"wpforms-1942-field_21-container\" class=\"wpforms-field wpforms-field-email wpforms-one-half wpforms-first\" data-field-id=\"21\"><label class=\"wpforms-field-label\" for=\"wpforms-1942-field_21\">Adresse e-mail <span class=\"wpforms-required-label\">*<\/span><\/label><input type=\"email\" id=\"wpforms-1942-field_21\" class=\"wpforms-field-large wpforms-field-required\" name=\"wpforms[fields][21]\" spellcheck=\"false\" required><\/div><div id=\"wpforms-1942-field_24-container\" class=\"wpforms-field wpforms-field-text wpforms-one-half\" data-field-id=\"24\"><label class=\"wpforms-field-label\" for=\"wpforms-1942-field_24\">Num\u00e9ro de t\u00e9l\u00e9phone<\/label><input type=\"text\" id=\"wpforms-1942-field_24\" class=\"wpforms-field-large\" name=\"wpforms[fields][24]\" ><\/div><div id=\"wpforms-1942-field_16-container\" class=\"wpforms-field wpforms-field-text\" data-field-id=\"16\"><label class=\"wpforms-field-label\" for=\"wpforms-1942-field_16\">Nom de l&#039;\u00e9cole <span class=\"wpforms-required-label\">*<\/span><\/label><input type=\"text\" id=\"wpforms-1942-field_16\" class=\"wpforms-field-large wpforms-field-required\" name=\"wpforms[fields][16]\" required><\/div><div id=\"wpforms-1942-field_17-container\" class=\"wpforms-field wpforms-field-text\" data-field-id=\"17\"><label class=\"wpforms-field-label\" for=\"wpforms-1942-field_17\">Nom de l&#039;\u00e9tudiant <span class=\"wpforms-required-label\">*<\/span><\/label><input type=\"text\" id=\"wpforms-1942-field_17\" class=\"wpforms-field-large wpforms-field-required\" name=\"wpforms[fields][17]\" required><\/div><div id=\"wpforms-1942-field_26-container\" class=\"wpforms-field wpforms-field-file-upload\" data-field-id=\"26\"><label class=\"wpforms-field-label\" for=\"wpforms-1942-field_26\">Annexe<\/label><div\n\t\tclass=\"wpforms-uploader\"\n\t\tdata-field-id=\"26\"\n\t\tdata-form-id=\"1942\"\n\t\tdata-input-name=\"wpforms_1942_26\"\n\t\tdata-extensions=\"jpg,jpeg,jpe,gif,png,bmp,tiff,tif,webp,ico,heic,asf,asx,wmv,wmx,wm,avi,divx,mov,qt,mpeg,mpg,mpe,mp4,m4v,ogv,webm,mkv,3gp,3gpp,3g2,3gp2,txt,asc,c,cc,h,srt,csv,tsv,ics,rtx,css,vtt,mp3,m4a,m4b,aac,ra,ram,wav,ogg,oga,flac,mid,midi,wma,wax,mka,rtf,pdf,class,tar,zip,gz,gzip,rar,7z,psd,xcf,doc,pot,pps,ppt,wri,xla,xls,xlt,xlw,mpp,docx,docm,dotx,dotm,xlsx,xlsm,xlsb,xltx,xltm,xlam,pptx,pptm,ppsx,ppsm,potx,potm,ppam,sldx,sldm,onetoc,onetoc2,onepkg,oxps,xps,odt,odp,ods,odg,odc,odb,odf,wp,wpd,key,numbers,pages\"\n\t\tdata-max-size=\"67108864\"\n\t\tdata-max-file-number=\"5\"\n\t\tdata-post-max-size=\"67108864\"\n\t\tdata-max-parallel-uploads=\"4\"\n\t\tdata-parallel-uploads=\"true\"\n\t\tdata-file-chunk-size=\"2097152\">\n\t<div class=\"dz-message\">\n\t\t<svg viewBox=\"0 0 1024 1024\" focusable=\"false\" data-icon=\"inbox\" width=\"50px\" height=\"50px\" fill=\"currentColor\" aria-hidden=\"true\">\n\t\t\t<path d=\"M885.2 446.3l-.2-.8-112.2-285.1c-5-16.1-19.9-27.2-36.8-27.2H281.2c-17 0-32.1 11.3-36.9 27.6L139.4 443l-.3.7-.2.8c-1.3 4.9-1.7 9.9-1 14.8-.1 1.6-.2 3.2-.2 4.8V830a60.9 60.9 0 0 0 60.8 60.8h627.2c33.5 0 60.8-27.3 60.9-60.8V464.1c0-1.3 0-2.6-.1-3.7.4-4.9 0-9.6-1.3-14.1zm-295.8-43l-.3 15.7c-.8 44.9-31.8 75.1-77.1 75.1-22.1 0-41.1-7.1-54.8-20.6S436 441.2 435.6 419l-.3-15.7H229.5L309 210h399.2l81.7 193.3H589.4zm-375 76.8h157.3c24.3 57.1 76 90.8 140.4 90.8 33.7 0 65-9.4 90.3-27.2 22.2-15.6 39.5-37.4 50.7-63.6h156.5V814H214.4V480.1z\"><\/path>\n\t\t<\/svg>\n\t\t<span class=\"modern-title\">Cliquez ou d\u00e9placez les fichiers vers cette zone pour les t\u00e9l\u00e9verser.<\/span>\n\n\t\t\t\t\t<span class=\"modern-hint\">Vous pouvez t\u00e9l\u00e9verser jusqu\u2019\u00e0 5 fichiers.<\/span>\n\t\t\t<\/div>\n<\/div>\n<input\n\t\ttype=\"text\"\n\t\tautocomplete=\"off\"\n\t\tclass=\"dropzone-input\"\n\t\tstyle=\"position:absolute!important;clip:rect(0,0,0,0)!important;height:1px!important;width:1px!important;border:0!important;overflow:hidden!important;padding:0!important;margin:0!important;\"\n\t\tid=\"wpforms-1942-field_26\"\n\t\tname=\"wpforms_1942_26\" \t\tvalue=\"\">\n<\/div><div id=\"wpforms-1942-field_19-container\" class=\"wpforms-field wpforms-field-checkbox\" data-field-id=\"19\"><label class=\"wpforms-field-label\" for=\"wpforms-1942-field_19\">D\u00e9claration de consentement <span class=\"wpforms-required-label\">*<\/span><\/label><ul id=\"wpforms-1942-field_19\" class=\"wpforms-field-required\"><li class=\"choice-1 depth-1\"><input type=\"checkbox\" id=\"wpforms-1942-field_19_1\" name=\"wpforms[fields][19][]\" value=\"En envoyant mes donn\u00e9es, j&#039;accepte qu&#039;elles soient utilis\u00e9es par la fondation Ideaalnet et le fournisseur\/prestataire de services concern\u00e9 (adresse e-mail, pr\u00e9nom, nom et adresse) pour r\u00e9pondre \u00e0 mon message.\" required ><label class=\"wpforms-field-label-inline\" for=\"wpforms-1942-field_19_1\">En envoyant mes donn\u00e9es, j&rsquo;accepte qu&rsquo;elles soient utilis\u00e9es par la fondation Ideaalnet et le fournisseur\/prestataire de services concern\u00e9 (adresse e-mail, pr\u00e9nom, nom et adresse) pour r\u00e9pondre \u00e0 mon message.<\/label><\/li><\/ul><\/div><\/div><!-- .wpforms-field-container --><div class=\"wpforms-submit-container\" ><input type=\"hidden\" name=\"wpforms[id]\" value=\"1942\"><input type=\"hidden\" name=\"wpforms[author]\" value=\"1\"><button type=\"submit\" name=\"wpforms[submit]\" id=\"wpforms-submit-1942\" class=\"wpforms-submit\" data-alt-text=\"Sending...\" data-submit-text=\"Envoyer\" aria-live=\"assertive\" value=\"wpforms-submit\">Envoyer<\/button><\/div><\/form><\/div>  <!-- .wpforms-container --><p>Veuillez indiquer votre nom, votre num\u00e9ro de commande, le motif et l&rsquo;objet de votre r\u00e9clamation, ainsi que tous les documents relatifs au traitement (par exemple, les re\u00e7us, les photos, etc. que vous pouvez \u00e9galement t\u00e9l\u00e9charger).<\/p><p>Nous traiterons votre plainte aussi rapidement que possible. Si le d\u00e9lai est plus long que pr\u00e9vu, nous vous le ferons savoir !<\/p><p>Si vous n&rsquo;\u00eates pas satisfait du r\u00e9sultat, vous pouvez \u00e9galement utiliser la plateforme de r\u00e9solution des litiges en ligne de la Commission europ\u00e9enne (ec.europa.eu\/consumers\/odr\/) pour votre plainte. Votre plainte sera ensuite transmise au m\u00e9diateur comp\u00e9tent.<\/p><p>\u00a0<\/p><p style=\"color: #323130; font-style: normal; font-weight: 400; font-size: 11pt; font-family: Calibri, sans-serif; margin-bottom: 8.25pt; line-height: 21pt;\">\u00a0<\/p>\t\t\t\t\t\t<\/div>\n\t\t\t\t<\/div>\n\t\t\t\t\t<\/div>\n\t\t<\/div>\n\t\t\t\t\t<\/div>\n\t\t<\/section>\n\t\t\t\t\t<\/div>\n\t\t<\/div>\n\t\t\t\t\t<\/div>\n\t\t<\/section>\n\t\t\t\t<\/div>\n\t\t","protected":false},"excerpt":{"rendered":"<p>Gestion des Plaintes Vous n&rsquo;\u00eates pas satisfait? Traitement des plaintes. Vous \u00eates important pour nous. Vous n&rsquo;\u00eates pas satisfait de la r\u00e9solution de votre plainte ? Ensuite, faites-nous part de votre avis en utilisant ce formulaire en ligne. Nous vous contacterons alors dans les meilleurs d\u00e9lais. Veuillez indiquer votre nom, votre num\u00e9ro de commande, le [&hellip;]<\/p>\n","protected":false},"author":1,"featured_media":0,"parent":0,"menu_order":0,"comment_status":"closed","ping_status":"closed","template":"","meta":{"site-sidebar-layout":"no-sidebar","site-content-layout":"page-builder","ast-site-content-layout":"default","site-content-style":"default","site-sidebar-style":"default","ast-global-header-display":"","ast-banner-title-visibility":"","ast-main-header-display":"","ast-hfb-above-header-display":"","ast-hfb-below-header-display":"","ast-hfb-mobile-header-display":"","site-post-title":"disabled","ast-breadcrumbs-content":"","ast-featured-img":"disabled","footer-sml-layout":"","ast-disable-related-posts":"","theme-transparent-header-meta":"default","adv-header-id-meta":"","stick-header-meta":"","header-above-stick-meta":"","header-main-stick-meta":"","header-below-stick-meta":"","astra-migrate-meta-layouts":"default","ast-page-background-enabled":"default","ast-page-background-meta":{"desktop":{"background-color":"","background-image":"","background-repeat":"repeat","background-position":"center center","background-size":"auto","background-attachment":"scroll","background-type":"","background-media":"","overlay-type":"","overlay-color":"","overlay-opacity":"","overlay-gradient":""},"tablet":{"background-color":"","background-image":"","background-repeat":"repeat","background-position":"center center","background-size":"auto","background-attachment":"scroll","background-type":"","background-media":"","overlay-type":"","overlay-color":"","overlay-opacity":"","overlay-gradient":""},"mobile":{"background-color":"","background-image":"","background-repeat":"repeat","background-position":"center center","background-size":"auto","background-attachment":"scroll","background-type":"","background-media":"","overlay-type":"","overlay-color":"","overlay-opacity":"","overlay-gradient":""}},"ast-content-background-meta":{"desktop":{"background-color":"var(--ast-global-color-5)","background-image":"","background-repeat":"repeat","background-position":"center center","background-size":"auto","background-attachment":"scroll","background-type":"","background-media":"","overlay-type":"","overlay-color":"","overlay-opacity":"","overlay-gradient":""},"tablet":{"background-color":"var(--ast-global-color-5)","background-image":"","background-repeat":"repeat","background-position":"center center","background-size":"auto","background-attachment":"scroll","background-type":"","background-media":"","overlay-type":"","overlay-color":"","overlay-opacity":"","overlay-gradient":""},"mobile":{"background-color":"var(--ast-global-color-5)","background-image":"","background-repeat":"repeat","background-position":"center center","background-size":"auto","background-attachment":"scroll","background-type":"","background-media":"","overlay-type":"","overlay-color":"","overlay-opacity":"","overlay-gradient":""}}},"yoast_head":"<!-- This site is optimized with the Yoast SEO plugin v21.8.1 - https:\/\/yoast.com\/wordpress\/plugins\/seo\/ -->\n<title>Plaintes - Ideaalnet<\/title>\n<meta name=\"robots\" content=\"index, follow, max-snippet:-1, max-image-preview:large, max-video-preview:-1\" \/>\n<link rel=\"canonical\" href=\"https:\/\/my.ideaalnet.org\/fr\/plaintes\/\" \/>\n<meta property=\"og:locale\" content=\"fr_FR\" \/>\n<meta property=\"og:type\" content=\"article\" \/>\n<meta property=\"og:title\" content=\"Plaintes - Ideaalnet\" \/>\n<meta property=\"og:description\" content=\"Gestion des Plaintes Vous n&rsquo;\u00eates pas satisfait? Traitement des plaintes. Vous \u00eates important pour nous. Vous n&rsquo;\u00eates pas satisfait de la r\u00e9solution de votre plainte ? Ensuite, faites-nous part de votre avis en utilisant ce formulaire en ligne. Nous vous contacterons alors dans les meilleurs d\u00e9lais. Veuillez indiquer votre nom, votre num\u00e9ro de commande, le [&hellip;]\" \/>\n<meta property=\"og:url\" content=\"https:\/\/my.ideaalnet.org\/fr\/plaintes\/\" \/>\n<meta property=\"og:site_name\" content=\"Ideaalnet\" \/>\n<meta property=\"article:modified_time\" content=\"2022-01-19T11:28:25+00:00\" \/>\n<meta name=\"twitter:card\" content=\"summary_large_image\" \/>\n<meta name=\"twitter:label1\" content=\"Dur\u00e9e de lecture estim\u00e9e\" \/>\n\t<meta name=\"twitter:data1\" content=\"1 minute\" \/>\n<script type=\"application\/ld+json\" class=\"yoast-schema-graph\">{\"@context\":\"https:\/\/schema.org\",\"@graph\":[{\"@type\":\"WebPage\",\"@id\":\"https:\/\/my.ideaalnet.org\/fr\/plaintes\/\",\"url\":\"https:\/\/my.ideaalnet.org\/fr\/plaintes\/\",\"name\":\"Plaintes - Ideaalnet\",\"isPartOf\":{\"@id\":\"https:\/\/my.ideaalnet.org\/de\/#website\"},\"datePublished\":\"2020-08-26T11:38:24+00:00\",\"dateModified\":\"2022-01-19T11:28:25+00:00\",\"breadcrumb\":{\"@id\":\"https:\/\/my.ideaalnet.org\/fr\/plaintes\/#breadcrumb\"},\"inLanguage\":\"fr-FR\",\"potentialAction\":[{\"@type\":\"ReadAction\",\"target\":[\"https:\/\/my.ideaalnet.org\/fr\/plaintes\/\"]}]},{\"@type\":\"BreadcrumbList\",\"@id\":\"https:\/\/my.ideaalnet.org\/fr\/plaintes\/#breadcrumb\",\"itemListElement\":[{\"@type\":\"ListItem\",\"position\":1,\"name\":\"Home\",\"item\":\"https:\/\/my.ideaalnet.org\/fr\/\"},{\"@type\":\"ListItem\",\"position\":2,\"name\":\"Plaintes\"}]},{\"@type\":\"WebSite\",\"@id\":\"https:\/\/my.ideaalnet.org\/de\/#website\",\"url\":\"https:\/\/my.ideaalnet.org\/de\/\",\"name\":\"Ideaalnet\",\"description\":\"Ideaalnet\",\"publisher\":{\"@id\":\"https:\/\/my.ideaalnet.org\/de\/#organization\"},\"potentialAction\":[{\"@type\":\"SearchAction\",\"target\":{\"@type\":\"EntryPoint\",\"urlTemplate\":\"https:\/\/my.ideaalnet.org\/de\/?s={search_term_string}\"},\"query-input\":\"required name=search_term_string\"}],\"inLanguage\":\"fr-FR\"},{\"@type\":\"Organization\",\"@id\":\"https:\/\/my.ideaalnet.org\/de\/#organization\",\"name\":\"Ideaalnet\",\"url\":\"https:\/\/my.ideaalnet.org\/de\/\",\"logo\":{\"@type\":\"ImageObject\",\"inLanguage\":\"fr-FR\",\"@id\":\"https:\/\/my.ideaalnet.org\/de\/#\/schema\/logo\/image\/\",\"url\":\"https:\/\/my.ideaalnet.org\/wp-content\/uploads\/2023\/04\/cropped-ideaalnet-Familie-School-Admin-Center-logo.png\",\"contentUrl\":\"https:\/\/my.ideaalnet.org\/wp-content\/uploads\/2023\/04\/cropped-ideaalnet-Familie-School-Admin-Center-logo.png\",\"width\":800,\"height\":210,\"caption\":\"Ideaalnet\"},\"image\":{\"@id\":\"https:\/\/my.ideaalnet.org\/de\/#\/schema\/logo\/image\/\"}}]}<\/script>\n<!-- \/ Yoast SEO plugin. -->","yoast_head_json":{"title":"Plaintes - Ideaalnet","robots":{"index":"index","follow":"follow","max-snippet":"max-snippet:-1","max-image-preview":"max-image-preview:large","max-video-preview":"max-video-preview:-1"},"canonical":"https:\/\/my.ideaalnet.org\/fr\/plaintes\/","og_locale":"fr_FR","og_type":"article","og_title":"Plaintes - Ideaalnet","og_description":"Gestion des Plaintes Vous n&rsquo;\u00eates pas satisfait? Traitement des plaintes. Vous \u00eates important pour nous. Vous n&rsquo;\u00eates pas satisfait de la r\u00e9solution de votre plainte ? Ensuite, faites-nous part de votre avis en utilisant ce formulaire en ligne. Nous vous contacterons alors dans les meilleurs d\u00e9lais. Veuillez indiquer votre nom, votre num\u00e9ro de commande, le [&hellip;]","og_url":"https:\/\/my.ideaalnet.org\/fr\/plaintes\/","og_site_name":"Ideaalnet","article_modified_time":"2022-01-19T11:28:25+00:00","twitter_card":"summary_large_image","twitter_misc":{"Dur\u00e9e de lecture estim\u00e9e":"1 minute"},"schema":{"@context":"https:\/\/schema.org","@graph":[{"@type":"WebPage","@id":"https:\/\/my.ideaalnet.org\/fr\/plaintes\/","url":"https:\/\/my.ideaalnet.org\/fr\/plaintes\/","name":"Plaintes - Ideaalnet","isPartOf":{"@id":"https:\/\/my.ideaalnet.org\/de\/#website"},"datePublished":"2020-08-26T11:38:24+00:00","dateModified":"2022-01-19T11:28:25+00:00","breadcrumb":{"@id":"https:\/\/my.ideaalnet.org\/fr\/plaintes\/#breadcrumb"},"inLanguage":"fr-FR","potentialAction":[{"@type":"ReadAction","target":["https:\/\/my.ideaalnet.org\/fr\/plaintes\/"]}]},{"@type":"BreadcrumbList","@id":"https:\/\/my.ideaalnet.org\/fr\/plaintes\/#breadcrumb","itemListElement":[{"@type":"ListItem","position":1,"name":"Home","item":"https:\/\/my.ideaalnet.org\/fr\/"},{"@type":"ListItem","position":2,"name":"Plaintes"}]},{"@type":"WebSite","@id":"https:\/\/my.ideaalnet.org\/de\/#website","url":"https:\/\/my.ideaalnet.org\/de\/","name":"Ideaalnet","description":"Ideaalnet","publisher":{"@id":"https:\/\/my.ideaalnet.org\/de\/#organization"},"potentialAction":[{"@type":"SearchAction","target":{"@type":"EntryPoint","urlTemplate":"https:\/\/my.ideaalnet.org\/de\/?s={search_term_string}"},"query-input":"required name=search_term_string"}],"inLanguage":"fr-FR"},{"@type":"Organization","@id":"https:\/\/my.ideaalnet.org\/de\/#organization","name":"Ideaalnet","url":"https:\/\/my.ideaalnet.org\/de\/","logo":{"@type":"ImageObject","inLanguage":"fr-FR","@id":"https:\/\/my.ideaalnet.org\/de\/#\/schema\/logo\/image\/","url":"https:\/\/my.ideaalnet.org\/wp-content\/uploads\/2023\/04\/cropped-ideaalnet-Familie-School-Admin-Center-logo.png","contentUrl":"https:\/\/my.ideaalnet.org\/wp-content\/uploads\/2023\/04\/cropped-ideaalnet-Familie-School-Admin-Center-logo.png","width":800,"height":210,"caption":"Ideaalnet"},"image":{"@id":"https:\/\/my.ideaalnet.org\/de\/#\/schema\/logo\/image\/"}}]}},"_links":{"self":[{"href":"https:\/\/my.ideaalnet.org\/fr\/wp-json\/wp\/v2\/pages\/1230"}],"collection":[{"href":"https:\/\/my.ideaalnet.org\/fr\/wp-json\/wp\/v2\/pages"}],"about":[{"href":"https:\/\/my.ideaalnet.org\/fr\/wp-json\/wp\/v2\/types\/page"}],"author":[{"embeddable":true,"href":"https:\/\/my.ideaalnet.org\/fr\/wp-json\/wp\/v2\/users\/1"}],"replies":[{"embeddable":true,"href":"https:\/\/my.ideaalnet.org\/fr\/wp-json\/wp\/v2\/comments?post=1230"}],"version-history":[{"count":12,"href":"https:\/\/my.ideaalnet.org\/fr\/wp-json\/wp\/v2\/pages\/1230\/revisions"}],"predecessor-version":[{"id":3371,"href":"https:\/\/my.ideaalnet.org\/fr\/wp-json\/wp\/v2\/pages\/1230\/revisions\/3371"}],"wp:attachment":[{"href":"https:\/\/my.ideaalnet.org\/fr\/wp-json\/wp\/v2\/media?parent=1230"}],"curies":[{"name":"wp","href":"https:\/\/api.w.org\/{rel}","templated":true}]}}