{"id":1236,"date":"2020-08-26T11:35:35","date_gmt":"2020-08-26T11:35:35","guid":{"rendered":"https:\/\/my.ideaalnet.org\/disclaimer\/"},"modified":"2022-01-20T12:07:48","modified_gmt":"2022-01-20T12:07:48","slug":"decharge-de-responsabilite","status":"publish","type":"page","link":"https:\/\/my.ideaalnet.org\/fr\/decharge-de-responsabilite\/","title":{"rendered":"D\u00e9charge de responsabilit\u00e9"},"content":{"rendered":"\t\t<div data-elementor-type=\"wp-page\" data-elementor-id=\"1236\" class=\"elementor elementor-1236 elementor-900\">\n\t\t\t\t\t\t<section class=\"elementor-section elementor-top-section elementor-element elementor-element-6a2b483a elementor-section-boxed elementor-section-height-default elementor-section-height-default\" data-id=\"6a2b483a\" data-element_type=\"section\" id=\"home\" data-settings=\"{&quot;background_background&quot;:&quot;classic&quot;}\">\n\t\t\t\t\t\t<div class=\"elementor-container elementor-column-gap-default\">\n\t\t\t\t\t<div class=\"elementor-column elementor-col-100 elementor-top-column elementor-element elementor-element-5662cda\" data-id=\"5662cda\" data-element_type=\"column\">\n\t\t\t<div class=\"elementor-widget-wrap elementor-element-populated\">\n\t\t\t\t\t\t<div class=\"elementor-element elementor-element-5d6f9e28 elementor-widget-divider--view-line elementor-widget elementor-widget-divider\" data-id=\"5d6f9e28\" data-element_type=\"widget\" data-widget_type=\"divider.default\">\n\t\t\t\t<div class=\"elementor-widget-container\">\n\t\t\t\t\t<div class=\"elementor-divider\">\n\t\t\t<span class=\"elementor-divider-separator\">\n\t\t\t\t\t\t<\/span>\n\t\t<\/div>\n\t\t\t\t<\/div>\n\t\t\t\t<\/div>\n\t\t\t\t<div class=\"elementor-element elementor-element-64ee5193 elementor-widget elementor-widget-heading\" data-id=\"64ee5193\" data-element_type=\"widget\" data-widget_type=\"heading.default\">\n\t\t\t\t<div class=\"elementor-widget-container\">\n\t\t\t<h3 class=\"elementor-heading-title elementor-size-default\">Avis de non-responsabilit\u00e9<\/h3>\t\t<\/div>\n\t\t\t\t<\/div>\n\t\t\t\t\t<\/div>\n\t\t<\/div>\n\t\t\t\t\t<\/div>\n\t\t<\/section>\n\t\t\t\t<section class=\"elementor-section elementor-top-section elementor-element elementor-element-5bb9b268 elementor-section-content-middle elementor-section-boxed elementor-section-height-default elementor-section-height-default\" data-id=\"5bb9b268\" data-element_type=\"section\">\n\t\t\t\t\t\t<div class=\"elementor-container elementor-column-gap-no\">\n\t\t\t\t\t<div class=\"elementor-column elementor-col-100 elementor-top-column elementor-element elementor-element-72677549\" data-id=\"72677549\" data-element_type=\"column\">\n\t\t\t<div class=\"elementor-widget-wrap elementor-element-populated\">\n\t\t\t\t\t\t<section class=\"elementor-section elementor-inner-section elementor-element elementor-element-9822257 elementor-section-boxed elementor-section-height-default elementor-section-height-default\" data-id=\"9822257\" data-element_type=\"section\">\n\t\t\t\t\t\t<div class=\"elementor-container elementor-column-gap-default\">\n\t\t\t\t\t<div class=\"elementor-column elementor-col-100 elementor-inner-column elementor-element elementor-element-be08774\" data-id=\"be08774\" data-element_type=\"column\">\n\t\t\t<div class=\"elementor-widget-wrap elementor-element-populated\">\n\t\t\t\t\t\t<div class=\"elementor-element elementor-element-43f922f elementor-widget elementor-widget-text-editor\" data-id=\"43f922f\" data-element_type=\"widget\" data-widget_type=\"text-editor.default\">\n\t\t\t\t<div class=\"elementor-widget-container\">\n\t\t\t\t\t\t\t<p>La Fondation Ideaalnet s&rsquo;efforce de maintenir les informations de ce site web correctes et \u00e0 jour. Nous n&rsquo;assumons aucune responsabilit\u00e9 quant \u00e0 l&rsquo;actualit\u00e9, l&rsquo;exactitude et l&rsquo;exhaustivit\u00e9 de nos contenus. Cela s&rsquo;applique \u00e9galement au contenu des sites web externes que vous atteignez par le biais d&rsquo;hyperliens &#8211; nous n&rsquo;avons aucune influence sur ce point. Nous nous distan\u00e7ons donc express\u00e9ment du contenu de ces sites.\u00a0<\/p><p>Cette d\u00e9claration s&rsquo;applique aux liens qui vous conduisent \u00e0 des sites web externes et \u00e0 leur contenu. Stichting Ideaalnet a le droit d&rsquo;apporter des modifications ou d&rsquo;ajouter des informations \u00e0 ce site web sans pr\u00e9avis. Notre contenu est prot\u00e9g\u00e9 par le droit d&rsquo;auteur. Souhaitez-vous utiliser et\/ou distribuer des textes ou des images ? Dans ce cas, vous devez demander une autorisation \u00e9crite pr\u00e9alable \u00e0 la Fondation Ideaalnet.<\/p>\t\t\t\t\t\t<\/div>\n\t\t\t\t<\/div>\n\t\t\t\t\t<\/div>\n\t\t<\/div>\n\t\t\t\t\t<\/div>\n\t\t<\/section>\n\t\t\t\t\t<\/div>\n\t\t<\/div>\n\t\t\t\t\t<\/div>\n\t\t<\/section>\n\t\t\t\t<\/div>\n\t\t","protected":false},"excerpt":{"rendered":"<p>Avis de non-responsabilit\u00e9 La Fondation Ideaalnet s&rsquo;efforce de maintenir les informations de ce site web correctes et \u00e0 jour. Nous n&rsquo;assumons aucune responsabilit\u00e9 quant \u00e0 l&rsquo;actualit\u00e9, l&rsquo;exactitude et l&rsquo;exhaustivit\u00e9 de nos contenus. Cela s&rsquo;applique \u00e9galement au contenu des sites web externes que vous atteignez par le biais d&rsquo;hyperliens &#8211; nous n&rsquo;avons aucune influence sur ce [&hellip;]<\/p>\n","protected":false},"author":1,"featured_media":0,"parent":0,"menu_order":0,"comment_status":"closed","ping_status":"closed","template":"","meta":{"site-sidebar-layout":"no-sidebar","site-content-layout":"page-builder","ast-site-content-layout":"default","site-content-style":"default","site-sidebar-style":"default","ast-global-header-display":"","ast-banner-title-visibility":"","ast-main-header-display":"","ast-hfb-above-header-display":"","ast-hfb-below-header-display":"","ast-hfb-mobile-header-display":"","site-post-title":"disabled","ast-breadcrumbs-content":"","ast-featured-img":"disabled","footer-sml-layout":"","ast-disable-related-posts":"","theme-transparent-header-meta":"default","adv-header-id-meta":"","stick-header-meta":"","header-above-stick-meta":"","header-main-stick-meta":"","header-below-stick-meta":"","astra-migrate-meta-layouts":"default","ast-page-background-enabled":"default","ast-page-background-meta":{"desktop":{"background-color":"","background-image":"","background-repeat":"repeat","background-position":"center center","background-size":"auto","background-attachment":"scroll","background-type":"","background-media":"","overlay-type":"","overlay-color":"","overlay-opacity":"","overlay-gradient":""},"tablet":{"background-color":"","background-image":"","background-repeat":"repeat","background-position":"center center","background-size":"auto","background-attachment":"scroll","background-type":"","background-media":"","overlay-type":"","overlay-color":"","overlay-opacity":"","overlay-gradient":""},"mobile":{"background-color":"","background-image":"","background-repeat":"repeat","background-position":"center center","background-size":"auto","background-attachment":"scroll","background-type":"","background-media":"","overlay-type":"","overlay-color":"","overlay-opacity":"","overlay-gradient":""}},"ast-content-background-meta":{"desktop":{"background-color":"var(--ast-global-color-5)","background-image":"","background-repeat":"repeat","background-position":"center center","background-size":"auto","background-attachment":"scroll","background-type":"","background-media":"","overlay-type":"","overlay-color":"","overlay-opacity":"","overlay-gradient":""},"tablet":{"background-color":"var(--ast-global-color-5)","background-image":"","background-repeat":"repeat","background-position":"center center","background-size":"auto","background-attachment":"scroll","background-type":"","background-media":"","overlay-type":"","overlay-color":"","overlay-opacity":"","overlay-gradient":""},"mobile":{"background-color":"var(--ast-global-color-5)","background-image":"","background-repeat":"repeat","background-position":"center center","background-size":"auto","background-attachment":"scroll","background-type":"","background-media":"","overlay-type":"","overlay-color":"","overlay-opacity":"","overlay-gradient":""}}},"yoast_head":"<!-- This site is optimized with the Yoast SEO plugin v21.8.1 - https:\/\/yoast.com\/wordpress\/plugins\/seo\/ -->\n<title>D\u00e9charge de responsabilit\u00e9 - Ideaalnet<\/title>\n<meta name=\"robots\" content=\"index, follow, max-snippet:-1, max-image-preview:large, max-video-preview:-1\" \/>\n<link rel=\"canonical\" href=\"https:\/\/my.ideaalnet.org\/fr\/decharge-de-responsabilite\/\" \/>\n<meta property=\"og:locale\" content=\"fr_FR\" \/>\n<meta property=\"og:type\" content=\"article\" \/>\n<meta property=\"og:title\" content=\"D\u00e9charge de responsabilit\u00e9 - Ideaalnet\" \/>\n<meta property=\"og:description\" content=\"Avis de non-responsabilit\u00e9 La Fondation Ideaalnet s&rsquo;efforce de maintenir les informations de ce site web correctes et \u00e0 jour. Nous n&rsquo;assumons aucune responsabilit\u00e9 quant \u00e0 l&rsquo;actualit\u00e9, l&rsquo;exactitude et l&rsquo;exhaustivit\u00e9 de nos contenus. Cela s&rsquo;applique \u00e9galement au contenu des sites web externes que vous atteignez par le biais d&rsquo;hyperliens &#8211; nous n&rsquo;avons aucune influence sur ce [&hellip;]\" \/>\n<meta property=\"og:url\" content=\"https:\/\/my.ideaalnet.org\/fr\/decharge-de-responsabilite\/\" \/>\n<meta property=\"og:site_name\" content=\"Ideaalnet\" \/>\n<meta property=\"article:modified_time\" content=\"2022-01-20T12:07:48+00:00\" \/>\n<meta name=\"twitter:card\" content=\"summary_large_image\" \/>\n<meta name=\"twitter:label1\" content=\"Dur\u00e9e de lecture estim\u00e9e\" \/>\n\t<meta name=\"twitter:data1\" content=\"1 minute\" \/>\n<script type=\"application\/ld+json\" class=\"yoast-schema-graph\">{\"@context\":\"https:\/\/schema.org\",\"@graph\":[{\"@type\":\"WebPage\",\"@id\":\"https:\/\/my.ideaalnet.org\/fr\/decharge-de-responsabilite\/\",\"url\":\"https:\/\/my.ideaalnet.org\/fr\/decharge-de-responsabilite\/\",\"name\":\"D\u00e9charge de responsabilit\u00e9 - Ideaalnet\",\"isPartOf\":{\"@id\":\"https:\/\/my.ideaalnet.org\/de\/#website\"},\"datePublished\":\"2020-08-26T11:35:35+00:00\",\"dateModified\":\"2022-01-20T12:07:48+00:00\",\"breadcrumb\":{\"@id\":\"https:\/\/my.ideaalnet.org\/fr\/decharge-de-responsabilite\/#breadcrumb\"},\"inLanguage\":\"fr-FR\",\"potentialAction\":[{\"@type\":\"ReadAction\",\"target\":[\"https:\/\/my.ideaalnet.org\/fr\/decharge-de-responsabilite\/\"]}]},{\"@type\":\"BreadcrumbList\",\"@id\":\"https:\/\/my.ideaalnet.org\/fr\/decharge-de-responsabilite\/#breadcrumb\",\"itemListElement\":[{\"@type\":\"ListItem\",\"position\":1,\"name\":\"Home\",\"item\":\"https:\/\/my.ideaalnet.org\/fr\/\"},{\"@type\":\"ListItem\",\"position\":2,\"name\":\"D\u00e9charge de responsabilit\u00e9\"}]},{\"@type\":\"WebSite\",\"@id\":\"https:\/\/my.ideaalnet.org\/de\/#website\",\"url\":\"https:\/\/my.ideaalnet.org\/de\/\",\"name\":\"Ideaalnet\",\"description\":\"Ideaalnet\",\"publisher\":{\"@id\":\"https:\/\/my.ideaalnet.org\/de\/#organization\"},\"potentialAction\":[{\"@type\":\"SearchAction\",\"target\":{\"@type\":\"EntryPoint\",\"urlTemplate\":\"https:\/\/my.ideaalnet.org\/de\/?s={search_term_string}\"},\"query-input\":\"required name=search_term_string\"}],\"inLanguage\":\"fr-FR\"},{\"@type\":\"Organization\",\"@id\":\"https:\/\/my.ideaalnet.org\/de\/#organization\",\"name\":\"Ideaalnet\",\"url\":\"https:\/\/my.ideaalnet.org\/de\/\",\"logo\":{\"@type\":\"ImageObject\",\"inLanguage\":\"fr-FR\",\"@id\":\"https:\/\/my.ideaalnet.org\/de\/#\/schema\/logo\/image\/\",\"url\":\"https:\/\/my.ideaalnet.org\/wp-content\/uploads\/2023\/04\/cropped-ideaalnet-Familie-School-Admin-Center-logo.png\",\"contentUrl\":\"https:\/\/my.ideaalnet.org\/wp-content\/uploads\/2023\/04\/cropped-ideaalnet-Familie-School-Admin-Center-logo.png\",\"width\":800,\"height\":210,\"caption\":\"Ideaalnet\"},\"image\":{\"@id\":\"https:\/\/my.ideaalnet.org\/de\/#\/schema\/logo\/image\/\"}}]}<\/script>\n<!-- \/ Yoast SEO plugin. -->","yoast_head_json":{"title":"D\u00e9charge de responsabilit\u00e9 - Ideaalnet","robots":{"index":"index","follow":"follow","max-snippet":"max-snippet:-1","max-image-preview":"max-image-preview:large","max-video-preview":"max-video-preview:-1"},"canonical":"https:\/\/my.ideaalnet.org\/fr\/decharge-de-responsabilite\/","og_locale":"fr_FR","og_type":"article","og_title":"D\u00e9charge de responsabilit\u00e9 - Ideaalnet","og_description":"Avis de non-responsabilit\u00e9 La Fondation Ideaalnet s&rsquo;efforce de maintenir les informations de ce site web correctes et \u00e0 jour. Nous n&rsquo;assumons aucune responsabilit\u00e9 quant \u00e0 l&rsquo;actualit\u00e9, l&rsquo;exactitude et l&rsquo;exhaustivit\u00e9 de nos contenus. Cela s&rsquo;applique \u00e9galement au contenu des sites web externes que vous atteignez par le biais d&rsquo;hyperliens &#8211; nous n&rsquo;avons aucune influence sur ce [&hellip;]","og_url":"https:\/\/my.ideaalnet.org\/fr\/decharge-de-responsabilite\/","og_site_name":"Ideaalnet","article_modified_time":"2022-01-20T12:07:48+00:00","twitter_card":"summary_large_image","twitter_misc":{"Dur\u00e9e de lecture estim\u00e9e":"1 minute"},"schema":{"@context":"https:\/\/schema.org","@graph":[{"@type":"WebPage","@id":"https:\/\/my.ideaalnet.org\/fr\/decharge-de-responsabilite\/","url":"https:\/\/my.ideaalnet.org\/fr\/decharge-de-responsabilite\/","name":"D\u00e9charge de responsabilit\u00e9 - Ideaalnet","isPartOf":{"@id":"https:\/\/my.ideaalnet.org\/de\/#website"},"datePublished":"2020-08-26T11:35:35+00:00","dateModified":"2022-01-20T12:07:48+00:00","breadcrumb":{"@id":"https:\/\/my.ideaalnet.org\/fr\/decharge-de-responsabilite\/#breadcrumb"},"inLanguage":"fr-FR","potentialAction":[{"@type":"ReadAction","target":["https:\/\/my.ideaalnet.org\/fr\/decharge-de-responsabilite\/"]}]},{"@type":"BreadcrumbList","@id":"https:\/\/my.ideaalnet.org\/fr\/decharge-de-responsabilite\/#breadcrumb","itemListElement":[{"@type":"ListItem","position":1,"name":"Home","item":"https:\/\/my.ideaalnet.org\/fr\/"},{"@type":"ListItem","position":2,"name":"D\u00e9charge de responsabilit\u00e9"}]},{"@type":"WebSite","@id":"https:\/\/my.ideaalnet.org\/de\/#website","url":"https:\/\/my.ideaalnet.org\/de\/","name":"Ideaalnet","description":"Ideaalnet","publisher":{"@id":"https:\/\/my.ideaalnet.org\/de\/#organization"},"potentialAction":[{"@type":"SearchAction","target":{"@type":"EntryPoint","urlTemplate":"https:\/\/my.ideaalnet.org\/de\/?s={search_term_string}"},"query-input":"required name=search_term_string"}],"inLanguage":"fr-FR"},{"@type":"Organization","@id":"https:\/\/my.ideaalnet.org\/de\/#organization","name":"Ideaalnet","url":"https:\/\/my.ideaalnet.org\/de\/","logo":{"@type":"ImageObject","inLanguage":"fr-FR","@id":"https:\/\/my.ideaalnet.org\/de\/#\/schema\/logo\/image\/","url":"https:\/\/my.ideaalnet.org\/wp-content\/uploads\/2023\/04\/cropped-ideaalnet-Familie-School-Admin-Center-logo.png","contentUrl":"https:\/\/my.ideaalnet.org\/wp-content\/uploads\/2023\/04\/cropped-ideaalnet-Familie-School-Admin-Center-logo.png","width":800,"height":210,"caption":"Ideaalnet"},"image":{"@id":"https:\/\/my.ideaalnet.org\/de\/#\/schema\/logo\/image\/"}}]}},"_links":{"self":[{"href":"https:\/\/my.ideaalnet.org\/fr\/wp-json\/wp\/v2\/pages\/1236"}],"collection":[{"href":"https:\/\/my.ideaalnet.org\/fr\/wp-json\/wp\/v2\/pages"}],"about":[{"href":"https:\/\/my.ideaalnet.org\/fr\/wp-json\/wp\/v2\/types\/page"}],"author":[{"embeddable":true,"href":"https:\/\/my.ideaalnet.org\/fr\/wp-json\/wp\/v2\/users\/1"}],"replies":[{"embeddable":true,"href":"https:\/\/my.ideaalnet.org\/fr\/wp-json\/wp\/v2\/comments?post=1236"}],"version-history":[{"count":11,"href":"https:\/\/my.ideaalnet.org\/fr\/wp-json\/wp\/v2\/pages\/1236\/revisions"}],"predecessor-version":[{"id":3403,"href":"https:\/\/my.ideaalnet.org\/fr\/wp-json\/wp\/v2\/pages\/1236\/revisions\/3403"}],"wp:attachment":[{"href":"https:\/\/my.ideaalnet.org\/fr\/wp-json\/wp\/v2\/media?parent=1236"}],"curies":[{"name":"wp","href":"https:\/\/api.w.org\/{rel}","templated":true}]}}