{"id":2053,"date":"2021-10-06T09:13:52","date_gmt":"2021-10-06T09:13:52","guid":{"rendered":"https:\/\/my.ideaalnet.org\/contact-thanks\/"},"modified":"2021-10-25T16:03:14","modified_gmt":"2021-10-25T16:03:14","slug":"contact-thanks","status":"publish","type":"page","link":"https:\/\/my.ideaalnet.org\/fr\/contact-thanks\/","title":{"rendered":"Contact Thanks"},"content":{"rendered":"\t\t<div data-elementor-type=\"wp-page\" data-elementor-id=\"2053\" class=\"elementor elementor-2053 elementor-1824\">\n\t\t\t\t\t\t<section class=\"elementor-section elementor-top-section elementor-element elementor-element-6a2b483a elementor-section-boxed elementor-section-height-default elementor-section-height-default\" data-id=\"6a2b483a\" data-element_type=\"section\" id=\"home\" data-settings=\"{&quot;background_background&quot;:&quot;classic&quot;}\">\n\t\t\t\t\t\t<div class=\"elementor-container elementor-column-gap-default\">\n\t\t\t\t\t<div class=\"elementor-column elementor-col-100 elementor-top-column elementor-element elementor-element-5662cda\" data-id=\"5662cda\" data-element_type=\"column\">\n\t\t\t<div class=\"elementor-widget-wrap elementor-element-populated\">\n\t\t\t\t\t\t<div class=\"elementor-element elementor-element-5d6f9e28 elementor-widget-divider--view-line elementor-widget elementor-widget-divider\" data-id=\"5d6f9e28\" data-element_type=\"widget\" data-widget_type=\"divider.default\">\n\t\t\t\t<div class=\"elementor-widget-container\">\n\t\t\t\t\t<div class=\"elementor-divider\">\n\t\t\t<span class=\"elementor-divider-separator\">\n\t\t\t\t\t\t<\/span>\n\t\t<\/div>\n\t\t\t\t<\/div>\n\t\t\t\t<\/div>\n\t\t\t\t<div class=\"elementor-element elementor-element-64ee5193 elementor-widget elementor-widget-heading\" data-id=\"64ee5193\" data-element_type=\"widget\" data-widget_type=\"heading.default\">\n\t\t\t\t<div class=\"elementor-widget-container\">\n\t\t\t<h3 class=\"elementor-heading-title elementor-size-default\">Merci pour votre message<\/h3>\t\t<\/div>\n\t\t\t\t<\/div>\n\t\t\t\t\t<\/div>\n\t\t<\/div>\n\t\t\t\t\t<\/div>\n\t\t<\/section>\n\t\t\t\t<section class=\"elementor-section elementor-top-section elementor-element elementor-element-43cb9615 elementor-section-boxed elementor-section-height-default elementor-section-height-default\" data-id=\"43cb9615\" data-element_type=\"section\">\n\t\t\t\t\t\t<div class=\"elementor-container elementor-column-gap-default\">\n\t\t\t\t\t<div class=\"elementor-column elementor-col-100 elementor-top-column elementor-element elementor-element-28beb9cf\" data-id=\"28beb9cf\" data-element_type=\"column\">\n\t\t\t<div class=\"elementor-widget-wrap elementor-element-populated\">\n\t\t\t\t\t\t<div class=\"elementor-element elementor-element-3589790f elementor-widget elementor-widget-text-editor\" data-id=\"3589790f\" data-element_type=\"widget\" data-widget_type=\"text-editor.default\">\n\t\t\t\t<div class=\"elementor-widget-container\">\n\t\t\t\t\t\t\t<p><strong>Merci de nous avoir envoy\u00e9 votre message. Nous vous r\u00e9pondrons dans les plus brefs d\u00e9lais.<\/strong><\/p><p><b>\u00a0<\/b><\/p><p>Bien \u00e0 vous,<\/p><p>\u00a0<\/p><p>Ideaalnet Helpdesk Team<\/p>\t\t\t\t\t\t<\/div>\n\t\t\t\t<\/div>\n\t\t\t\t<div class=\"elementor-element elementor-element-becc009 elementor-widget-divider--view-line elementor-widget elementor-widget-divider\" data-id=\"becc009\" data-element_type=\"widget\" data-widget_type=\"divider.default\">\n\t\t\t\t<div class=\"elementor-widget-container\">\n\t\t\t\t\t<div class=\"elementor-divider\">\n\t\t\t<span class=\"elementor-divider-separator\">\n\t\t\t\t\t\t<\/span>\n\t\t<\/div>\n\t\t\t\t<\/div>\n\t\t\t\t<\/div>\n\t\t\t\t\t<\/div>\n\t\t<\/div>\n\t\t\t\t\t<\/div>\n\t\t<\/section>\n\t\t\t\t<section class=\"elementor-section elementor-inner-section elementor-element elementor-element-612f2545 elementor-section-boxed elementor-section-height-default elementor-section-height-default\" data-id=\"612f2545\" data-element_type=\"section\">\n\t\t\t\t\t\t<div class=\"elementor-container elementor-column-gap-default\">\n\t\t\t\t\t<div class=\"elementor-column elementor-col-50 elementor-inner-column elementor-element elementor-element-3d5fce6e\" data-id=\"3d5fce6e\" data-element_type=\"column\">\n\t\t\t<div class=\"elementor-widget-wrap elementor-element-populated\">\n\t\t\t\t\t\t<div class=\"elementor-element elementor-element-43792766 elementor-vertical-align-top elementor-widget elementor-widget-icon-box\" data-id=\"43792766\" data-element_type=\"widget\" data-widget_type=\"icon-box.default\">\n\t\t\t\t<div class=\"elementor-widget-container\">\n\t\t\t\t\t<div class=\"elementor-icon-box-wrapper\">\n\n\t\t\t\n\t\t\t\t\t\t<div class=\"elementor-icon-box-content\">\n\n\t\t\t\t\t\t\t\t\t<h3 class=\"elementor-icon-box-title\">\n\t\t\t\t\t\t<span  >\n\t\t\t\t\t\t\tFondation Ideaalnet Cloud & Admin Services\t\t\t\t\t\t<\/span>\n\t\t\t\t\t<\/h3>\n\t\t\t\t\n\t\t\t\t\t\t\t\t\t<p class=\"elementor-icon-box-description\">\n\t\t\t\t\t\tKranebittenbaan 5<br\/>\n3045 AW A\u00e9roport de Rotterdam La Haye <br\/>\nEnregistr\u00e9 aupr\u00e8s de K.v.K. Rotterdam\t\t\t\t\t<\/p>\n\t\t\t\t\n\t\t\t<\/div>\n\t\t\t\n\t\t<\/div>\n\t\t\t\t<\/div>\n\t\t\t\t<\/div>\n\t\t\t\t\t<\/div>\n\t\t<\/div>\n\t\t\t\t<div class=\"elementor-column elementor-col-50 elementor-inner-column elementor-element elementor-element-0228a07\" data-id=\"0228a07\" data-element_type=\"column\">\n\t\t\t<div class=\"elementor-widget-wrap elementor-element-populated\">\n\t\t\t\t\t\t<div class=\"elementor-element elementor-element-ba3bd57 elementor-vertical-align-top elementor-widget elementor-widget-icon-box\" data-id=\"ba3bd57\" data-element_type=\"widget\" data-widget_type=\"icon-box.default\">\n\t\t\t\t<div class=\"elementor-widget-container\">\n\t\t\t\t\t<div class=\"elementor-icon-box-wrapper\">\n\n\t\t\t\n\t\t\t\t\t\t<div class=\"elementor-icon-box-content\">\n\n\t\t\t\t\t\t\t\t\t<h3 class=\"elementor-icon-box-title\">\n\t\t\t\t\t\t<span  >\n\t\t\t\t\t\t\tService d'assistance pour les parents\/\u00e9tudiants\t\t\t\t\t\t<\/span>\n\t\t\t\t\t<\/h3>\n\t\t\t\t\n\t\t\t\t\t\t\t\t\t<p class=\"elementor-icon-box-description\">\n\t\t\t\t\t\tVeuillez envoyer votre question en utilisant le formulaire ci-dessus, et nous vous aiderons d\u00e8s que possible.\nAppelez-nous : +31 85 - 27 34 900 (de 8h00 \u00e0 22h00 - 7 jours sur 7)\t\t\t\t\t<\/p>\n\t\t\t\t\n\t\t\t<\/div>\n\t\t\t\n\t\t<\/div>\n\t\t\t\t<\/div>\n\t\t\t\t<\/div>\n\t\t\t\t\t<\/div>\n\t\t<\/div>\n\t\t\t\t\t<\/div>\n\t\t<\/section>\n\t\t\t\t<section class=\"elementor-section elementor-top-section elementor-element elementor-element-5bb9b268 elementor-section-content-middle elementor-section-boxed elementor-section-height-default elementor-section-height-default\" data-id=\"5bb9b268\" data-element_type=\"section\">\n\t\t\t\t\t\t<div class=\"elementor-container elementor-column-gap-no\">\n\t\t\t\t\t<div class=\"elementor-column elementor-col-100 elementor-top-column elementor-element elementor-element-72677549\" data-id=\"72677549\" data-element_type=\"column\">\n\t\t\t<div class=\"elementor-widget-wrap\">\n\t\t\t\t\t\t\t<\/div>\n\t\t<\/div>\n\t\t\t\t\t<\/div>\n\t\t<\/section>\n\t\t\t\t<\/div>\n\t\t","protected":false},"excerpt":{"rendered":"<p>Merci pour votre message Merci de nous avoir envoy\u00e9 votre message. Nous vous r\u00e9pondrons dans les plus brefs d\u00e9lais. \u00a0 Bien \u00e0 vous, \u00a0 Ideaalnet Helpdesk Team Fondation Ideaalnet Cloud &#038; Admin Services Kranebittenbaan 5 3045 AW A\u00e9roport de Rotterdam La Haye Enregistr\u00e9 aupr\u00e8s de K.v.K. Rotterdam Service d&rsquo;assistance pour les parents\/\u00e9tudiants Veuillez envoyer votre [&hellip;]<\/p>\n","protected":false},"author":1,"featured_media":0,"parent":0,"menu_order":0,"comment_status":"closed","ping_status":"closed","template":"","meta":{"site-sidebar-layout":"no-sidebar","site-content-layout":"page-builder","ast-site-content-layout":"default","site-content-style":"default","site-sidebar-style":"default","ast-global-header-display":"","ast-banner-title-visibility":"","ast-main-header-display":"","ast-hfb-above-header-display":"","ast-hfb-below-header-display":"","ast-hfb-mobile-header-display":"","site-post-title":"disabled","ast-breadcrumbs-content":"","ast-featured-img":"disabled","footer-sml-layout":"","ast-disable-related-posts":"","theme-transparent-header-meta":"default","adv-header-id-meta":"","stick-header-meta":"","header-above-stick-meta":"","header-main-stick-meta":"","header-below-stick-meta":"","astra-migrate-meta-layouts":"default","ast-page-background-enabled":"default","ast-page-background-meta":{"desktop":{"background-color":"","background-image":"","background-repeat":"repeat","background-position":"center center","background-size":"auto","background-attachment":"scroll","background-type":"","background-media":"","overlay-type":"","overlay-color":"","overlay-opacity":"","overlay-gradient":""},"tablet":{"background-color":"","background-image":"","background-repeat":"repeat","background-position":"center center","background-size":"auto","background-attachment":"scroll","background-type":"","background-media":"","overlay-type":"","overlay-color":"","overlay-opacity":"","overlay-gradient":""},"mobile":{"background-color":"","background-image":"","background-repeat":"repeat","background-position":"center center","background-size":"auto","background-attachment":"scroll","background-type":"","background-media":"","overlay-type":"","overlay-color":"","overlay-opacity":"","overlay-gradient":""}},"ast-content-background-meta":{"desktop":{"background-color":"var(--ast-global-color-5)","background-image":"","background-repeat":"repeat","background-position":"center center","background-size":"auto","background-attachment":"scroll","background-type":"","background-media":"","overlay-type":"","overlay-color":"","overlay-opacity":"","overlay-gradient":""},"tablet":{"background-color":"var(--ast-global-color-5)","background-image":"","background-repeat":"repeat","background-position":"center center","background-size":"auto","background-attachment":"scroll","background-type":"","background-media":"","overlay-type":"","overlay-color":"","overlay-opacity":"","overlay-gradient":""},"mobile":{"background-color":"var(--ast-global-color-5)","background-image":"","background-repeat":"repeat","background-position":"center center","background-size":"auto","background-attachment":"scroll","background-type":"","background-media":"","overlay-type":"","overlay-color":"","overlay-opacity":"","overlay-gradient":""}}},"yoast_head":"<!-- This site is optimized with the Yoast SEO plugin v21.8.1 - https:\/\/yoast.com\/wordpress\/plugins\/seo\/ -->\n<title>Contact Thanks - Ideaalnet<\/title>\n<meta name=\"robots\" content=\"index, follow, max-snippet:-1, max-image-preview:large, max-video-preview:-1\" \/>\n<link rel=\"canonical\" href=\"https:\/\/my.ideaalnet.org\/fr\/contact-thanks\/\" \/>\n<meta property=\"og:locale\" content=\"fr_FR\" \/>\n<meta property=\"og:type\" content=\"article\" \/>\n<meta property=\"og:title\" content=\"Contact Thanks - Ideaalnet\" \/>\n<meta property=\"og:description\" content=\"Merci pour votre message Merci de nous avoir envoy\u00e9 votre message. Nous vous r\u00e9pondrons dans les plus brefs d\u00e9lais. \u00a0 Bien \u00e0 vous, \u00a0 Ideaalnet Helpdesk Team Fondation Ideaalnet Cloud &#038; Admin Services Kranebittenbaan 5 3045 AW A\u00e9roport de Rotterdam La Haye Enregistr\u00e9 aupr\u00e8s de K.v.K. Rotterdam Service d&rsquo;assistance pour les parents\/\u00e9tudiants Veuillez envoyer votre [&hellip;]\" \/>\n<meta property=\"og:url\" content=\"https:\/\/my.ideaalnet.org\/fr\/contact-thanks\/\" \/>\n<meta property=\"og:site_name\" content=\"Ideaalnet\" \/>\n<meta property=\"article:modified_time\" content=\"2021-10-25T16:03:14+00:00\" \/>\n<meta name=\"twitter:card\" content=\"summary_large_image\" \/>\n<meta name=\"twitter:label1\" content=\"Dur\u00e9e de lecture estim\u00e9e\" \/>\n\t<meta name=\"twitter:data1\" content=\"1 minute\" \/>\n<script type=\"application\/ld+json\" class=\"yoast-schema-graph\">{\"@context\":\"https:\/\/schema.org\",\"@graph\":[{\"@type\":\"WebPage\",\"@id\":\"https:\/\/my.ideaalnet.org\/fr\/contact-thanks\/\",\"url\":\"https:\/\/my.ideaalnet.org\/fr\/contact-thanks\/\",\"name\":\"Contact Thanks - Ideaalnet\",\"isPartOf\":{\"@id\":\"https:\/\/my.ideaalnet.org\/de\/#website\"},\"datePublished\":\"2021-10-06T09:13:52+00:00\",\"dateModified\":\"2021-10-25T16:03:14+00:00\",\"breadcrumb\":{\"@id\":\"https:\/\/my.ideaalnet.org\/fr\/contact-thanks\/#breadcrumb\"},\"inLanguage\":\"fr-FR\",\"potentialAction\":[{\"@type\":\"ReadAction\",\"target\":[\"https:\/\/my.ideaalnet.org\/fr\/contact-thanks\/\"]}]},{\"@type\":\"BreadcrumbList\",\"@id\":\"https:\/\/my.ideaalnet.org\/fr\/contact-thanks\/#breadcrumb\",\"itemListElement\":[{\"@type\":\"ListItem\",\"position\":1,\"name\":\"Home\",\"item\":\"https:\/\/my.ideaalnet.org\/fr\/\"},{\"@type\":\"ListItem\",\"position\":2,\"name\":\"Contact Thanks\"}]},{\"@type\":\"WebSite\",\"@id\":\"https:\/\/my.ideaalnet.org\/de\/#website\",\"url\":\"https:\/\/my.ideaalnet.org\/de\/\",\"name\":\"Ideaalnet\",\"description\":\"Ideaalnet\",\"publisher\":{\"@id\":\"https:\/\/my.ideaalnet.org\/de\/#organization\"},\"potentialAction\":[{\"@type\":\"SearchAction\",\"target\":{\"@type\":\"EntryPoint\",\"urlTemplate\":\"https:\/\/my.ideaalnet.org\/de\/?s={search_term_string}\"},\"query-input\":\"required name=search_term_string\"}],\"inLanguage\":\"fr-FR\"},{\"@type\":\"Organization\",\"@id\":\"https:\/\/my.ideaalnet.org\/de\/#organization\",\"name\":\"Ideaalnet\",\"url\":\"https:\/\/my.ideaalnet.org\/de\/\",\"logo\":{\"@type\":\"ImageObject\",\"inLanguage\":\"fr-FR\",\"@id\":\"https:\/\/my.ideaalnet.org\/de\/#\/schema\/logo\/image\/\",\"url\":\"https:\/\/my.ideaalnet.org\/wp-content\/uploads\/2023\/04\/cropped-ideaalnet-Familie-School-Admin-Center-logo.png\",\"contentUrl\":\"https:\/\/my.ideaalnet.org\/wp-content\/uploads\/2023\/04\/cropped-ideaalnet-Familie-School-Admin-Center-logo.png\",\"width\":800,\"height\":210,\"caption\":\"Ideaalnet\"},\"image\":{\"@id\":\"https:\/\/my.ideaalnet.org\/de\/#\/schema\/logo\/image\/\"}}]}<\/script>\n<!-- \/ Yoast SEO plugin. -->","yoast_head_json":{"title":"Contact Thanks - Ideaalnet","robots":{"index":"index","follow":"follow","max-snippet":"max-snippet:-1","max-image-preview":"max-image-preview:large","max-video-preview":"max-video-preview:-1"},"canonical":"https:\/\/my.ideaalnet.org\/fr\/contact-thanks\/","og_locale":"fr_FR","og_type":"article","og_title":"Contact Thanks - Ideaalnet","og_description":"Merci pour votre message Merci de nous avoir envoy\u00e9 votre message. Nous vous r\u00e9pondrons dans les plus brefs d\u00e9lais. \u00a0 Bien \u00e0 vous, \u00a0 Ideaalnet Helpdesk Team Fondation Ideaalnet Cloud &#038; Admin Services Kranebittenbaan 5 3045 AW A\u00e9roport de Rotterdam La Haye Enregistr\u00e9 aupr\u00e8s de K.v.K. Rotterdam Service d&rsquo;assistance pour les parents\/\u00e9tudiants Veuillez envoyer votre [&hellip;]","og_url":"https:\/\/my.ideaalnet.org\/fr\/contact-thanks\/","og_site_name":"Ideaalnet","article_modified_time":"2021-10-25T16:03:14+00:00","twitter_card":"summary_large_image","twitter_misc":{"Dur\u00e9e de lecture estim\u00e9e":"1 minute"},"schema":{"@context":"https:\/\/schema.org","@graph":[{"@type":"WebPage","@id":"https:\/\/my.ideaalnet.org\/fr\/contact-thanks\/","url":"https:\/\/my.ideaalnet.org\/fr\/contact-thanks\/","name":"Contact Thanks - Ideaalnet","isPartOf":{"@id":"https:\/\/my.ideaalnet.org\/de\/#website"},"datePublished":"2021-10-06T09:13:52+00:00","dateModified":"2021-10-25T16:03:14+00:00","breadcrumb":{"@id":"https:\/\/my.ideaalnet.org\/fr\/contact-thanks\/#breadcrumb"},"inLanguage":"fr-FR","potentialAction":[{"@type":"ReadAction","target":["https:\/\/my.ideaalnet.org\/fr\/contact-thanks\/"]}]},{"@type":"BreadcrumbList","@id":"https:\/\/my.ideaalnet.org\/fr\/contact-thanks\/#breadcrumb","itemListElement":[{"@type":"ListItem","position":1,"name":"Home","item":"https:\/\/my.ideaalnet.org\/fr\/"},{"@type":"ListItem","position":2,"name":"Contact Thanks"}]},{"@type":"WebSite","@id":"https:\/\/my.ideaalnet.org\/de\/#website","url":"https:\/\/my.ideaalnet.org\/de\/","name":"Ideaalnet","description":"Ideaalnet","publisher":{"@id":"https:\/\/my.ideaalnet.org\/de\/#organization"},"potentialAction":[{"@type":"SearchAction","target":{"@type":"EntryPoint","urlTemplate":"https:\/\/my.ideaalnet.org\/de\/?s={search_term_string}"},"query-input":"required name=search_term_string"}],"inLanguage":"fr-FR"},{"@type":"Organization","@id":"https:\/\/my.ideaalnet.org\/de\/#organization","name":"Ideaalnet","url":"https:\/\/my.ideaalnet.org\/de\/","logo":{"@type":"ImageObject","inLanguage":"fr-FR","@id":"https:\/\/my.ideaalnet.org\/de\/#\/schema\/logo\/image\/","url":"https:\/\/my.ideaalnet.org\/wp-content\/uploads\/2023\/04\/cropped-ideaalnet-Familie-School-Admin-Center-logo.png","contentUrl":"https:\/\/my.ideaalnet.org\/wp-content\/uploads\/2023\/04\/cropped-ideaalnet-Familie-School-Admin-Center-logo.png","width":800,"height":210,"caption":"Ideaalnet"},"image":{"@id":"https:\/\/my.ideaalnet.org\/de\/#\/schema\/logo\/image\/"}}]}},"_links":{"self":[{"href":"https:\/\/my.ideaalnet.org\/fr\/wp-json\/wp\/v2\/pages\/2053"}],"collection":[{"href":"https:\/\/my.ideaalnet.org\/fr\/wp-json\/wp\/v2\/pages"}],"about":[{"href":"https:\/\/my.ideaalnet.org\/fr\/wp-json\/wp\/v2\/types\/page"}],"author":[{"embeddable":true,"href":"https:\/\/my.ideaalnet.org\/fr\/wp-json\/wp\/v2\/users\/1"}],"replies":[{"embeddable":true,"href":"https:\/\/my.ideaalnet.org\/fr\/wp-json\/wp\/v2\/comments?post=2053"}],"version-history":[{"count":43,"href":"https:\/\/my.ideaalnet.org\/fr\/wp-json\/wp\/v2\/pages\/2053\/revisions"}],"predecessor-version":[{"id":2767,"href":"https:\/\/my.ideaalnet.org\/fr\/wp-json\/wp\/v2\/pages\/2053\/revisions\/2767"}],"wp:attachment":[{"href":"https:\/\/my.ideaalnet.org\/fr\/wp-json\/wp\/v2\/media?parent=2053"}],"curies":[{"name":"wp","href":"https:\/\/api.w.org\/{rel}","templated":true}]}}